{"id":1554,"date":"2020-08-18T20:35:35","date_gmt":"2020-08-18T19:35:35","guid":{"rendered":"http:\/\/judoclubsambreville.be\/?page_id=1554"},"modified":"2021-08-21T09:47:51","modified_gmt":"2021-08-21T08:47:51","slug":"mesures-covid","status":"publish","type":"page","link":"https:\/\/judoclubsambreville.be\/index.php\/mesures-covid\/","title":{"rendered":"Mesures COVID"},"content":{"rendered":"<p>Votre bien-\u00eatre est au centre de nos pr\u00e9occupations, c\u2019est pourquoi nous mettons tout en\u00a0\u0153uvre pour la pr\u00e9servation de votre sant\u00e9 et celle de nos encadrants.<br \/>\nVous trouverez ci-dessous nos mesures d\u2019hygi\u00e8ne au sein de notre club int\u00e9gr\u00e9es aux mesures impos\u00e9es par le Conseil National de S\u00e9curit\u00e9.<\/p>\n<p>&nbsp;<\/p>\n<h4><span style=\"color: #000080;\"><strong>1. CONCERNANT LA COVID-19<\/strong><\/span><\/h4>\n<p>Si votre enfant fait partie d\u2019un groupe \u00e0 risque, nous vous invitons \u00e0 consulter votre m\u00e9decin\u00a0afin de d\u00e9terminer s\u2019il peut ou non fr\u00e9quenter la collectivit\u00e9.\u00a0<strong>Nous nous r\u00e9servons le droit de refuser l\u2019acc\u00e8s aux activit\u00e9s, si l\u2019enfant (ou un membre\u00a0<\/strong><strong>de sa famille) est malade ou pr\u00e9sente :<\/strong><\/p>\n<ul>\n<li><span style=\"font-size: 14px;\">Au moins l\u2019un des sympt\u00f4mes majeurs suivants : fi\u00e8vre, toux, difficult\u00e9 respiratoire.<\/span><\/li>\n<li><span style=\"font-size: 14px;\">D\u2019autres sympt\u00f4mes : douleurs thoraciques, perte du go\u00fbt et d\u2019odorat sont \u00e9galement\u00a0\u00e0 prendre en compte mais sont moins faciles \u00e0 identifier chez les jeunes enfants.<\/span><\/li>\n<li><span style=\"font-size: 14px;\">Au moins deux des sympt\u00f4mes mineurs suivants : fatigue (alt\u00e9ration de l\u2019\u00e9tat g\u00e9n\u00e9ral, irritabilit\u00e9, pleurs&#8230;), rhinite (\u00e9coulement ou encombrement nasal), maux de gorge (pharyngite), anorexie, diarrh\u00e9e aqueuse, myalgies, c\u00e9phal\u00e9es.<\/span><\/li>\n<li><span style=\"font-size: 14px;\">Une aggravation de sympt\u00f4mes respiratoires chroniques (asthme, toux chronique&#8230;).<\/span><\/li>\n<\/ul>\n<p>&nbsp;<\/p>\n<p><strong>Votre enfant a eu la Covid-19 : peut-il participer aux cours ?<\/strong><br \/>\nUn participant COVID-19 confirm\u00e9 ou possible, pr\u00e9sentant des sympt\u00f4mes l\u00e9gers, sans hospitalisation peut participer \u00e0 l\u2019activit\u00e9 7 jours apr\u00e8s le d\u00e9but des sympt\u00f4mes, \u00e0 condition\u00a0qu&rsquo;il n&rsquo;ait pas eu de fi\u00e8vre au cours des 3 derniers jours ET qu&rsquo;il ait \u00e9galement montr\u00e9 une\u00a0am\u00e9lioration consid\u00e9rable des sympt\u00f4mes.<\/p>\n<p><strong>Un enfant manifeste des signes cliniques li\u00e9s au Covid-19\u00a0pendant l&rsquo;entra\u00eenement<\/strong><\/p>\n<p><em><strong>Pour l&rsquo;enfant concern\u00e9 :<\/strong><\/em><\/p>\n<p>Le parent doit venir le chercher le plus rapidement possible. Votre enfant sera plac\u00e9 en \u00abisolement \u00bb dans un local pr\u00e9vu \u00e0 cet effet avec un encadrant pour lui tenir compagnie et\u00a0veillez \u00e0 son bien-\u00eatre. Celui-ci portera bien entendu un masque ainsi que des gants. Le local\u00a0sera \u00e9videmment nettoy\u00e9 et d\u00e9sinfect\u00e9 entre chaque occupation. Pour cette raison, le parent\u00a0doit rester joignable.<\/p>\n<p>Un certificat m\u00e9dical devra \u00eatre transmis pour prouver que votre enfant peut r\u00e9int\u00e9grer la collectivit\u00e9. \u00c9videmment ces conditions sont applicables \u00e9galement pour tout le personnel encadrant.<\/p>\n<p><em><strong>Pour les\u00a0judokas faisant partie de sa bulle :<\/strong><\/em><br \/>\nSi un cas de Covid-19 est attest\u00e9 par un m\u00e9decin, toute la bulle du participant concern\u00e9 (enfant ou adulte) doit entrer en quarantaine. D\u00e8s la confirmation d\u2019un cas av\u00e9r\u00e9, nous contacterons directement les parents des enfants\u00a0concern\u00e9s pour assurer le suivi ad\u00e9quat.<\/p>\n<p>&nbsp;<\/p>\n<p>&nbsp;<\/p>\n<p><a href=\"http:\/\/judoclubsambreville.be\/index.php\/mesures-covid\/covid-6-bis\/\" rel=\"attachment wp-att-1561\"><img loading=\"lazy\" decoding=\"async\" class=\"aligncenter wp-image-1561 size-full\" src=\"http:\/\/judoclubsambreville.be\/wp-content\/uploads\/2020\/08\/covid-6-bis.png\" alt=\"covid-6-bis\" width=\"800\" height=\"681\" srcset=\"https:\/\/judoclubsambreville.be\/wp-content\/uploads\/2020\/08\/covid-6-bis.png 800w, https:\/\/judoclubsambreville.be\/wp-content\/uploads\/2020\/08\/covid-6-bis-300x255.png 300w, https:\/\/judoclubsambreville.be\/wp-content\/uploads\/2020\/08\/covid-6-bis-768x654.png 768w\" sizes=\"auto, (max-width: 800px) 100vw, 800px\" \/><\/a><\/p>\n<p><strong>LES MESURES D\u00c9TAILL\u00c9ES : COURS PETITS ET MOYENS<\/strong><\/p>\n<ul>\n<li>Il est demand\u00e9 aux parents des cours 2 de ne pas arriver \u00e0 l\u2019avance afin de ne pas bloquer le parking qui sera lib\u00e9r\u00e9 par les parents du cours 1.<\/li>\n<li>Si vous n\u2019habitez pas loin, privil\u00e9giez le transport \u00e0 pieds.<\/li>\n<li>Les enfants doivent arriver en judogi. Le vestiaire ne sera pas accessible.\u00a0Le pr\u00eat de judogi est \u00e9videmment toujours possible pour ceux qui d\u00e9sirent essayer l&rsquo;activit\u00e9.<\/li>\n<li>D\u00e9sinfection des mains \u00e0 l\u2019entr\u00e9e et \u00e0 la sortie de la salle.<\/li>\n<li>Il est demand\u00e9 d\u2019attendre vos enfants en dehors de la salle lorsque vous venez les rechercher.<\/li>\n<li>Un seul accompagnant sera autoris\u00e9 \u00e0 rentrer dans la salle.<\/li>\n<li>Le masque est obligatoire dans la salle pour toute personne de plus de 12 ans.<\/li>\n<li>Il est demand\u00e9 aux parents de judokas d\u00e9j\u00e0 inscrits les ann\u00e9es pr\u00e9c\u00e9dentes (qui ne comptent pas rester dans la buvette) de ne pas rentrer dans la salle.<\/li>\n<li>Le papier m\u00e9dical et les diff\u00e9rentes informations seront donn\u00e9es \u00e0 vos enfants lors du 1er cours de ces derniers.<\/li>\n<li>Privil\u00e9gier les paiements par virement bancaire au num\u00e9ro de compte suivant : BE28 1030 2305 2120<\/li>\n<\/ul>\n<p>&nbsp;<\/p>\n<p><strong>Les bulles et les activit\u00e9s<\/strong><\/p>\n<p>Qu\u2019est-ce qu\u2019une bulle ? C\u2019est un groupe de 50 personnes qui comprend les participants et les enseignants. Afin de limiter le risque de contamination, nous avons d\u00e9cid\u00e9 de <strong>cr\u00e9er de plus petites bulles au sein de notre bulle.<\/strong> En clair, les enfants ne feront pas judo avec tous les autres enfants du cours.<\/p>\n<p>&nbsp;<\/p>\n<p><strong>MESURES POUR LE COURS DES ADULTES (+ 13 ans)<\/strong><\/p>\n<ul>\n<li>Il est demand\u00e9 de ne pas arriver \u00e0 l\u2019avance.<\/li>\n<li>Si vous n\u2019habitez pas loin, privil\u00e9giez le transport \u00e0 pieds<\/li>\n<li>Si possible, arriver et repartir en judogi.\u00a0Le pr\u00eat de judogi est \u00e9videmment toujours possible pour ceux qui d\u00e9sirent essayer l&rsquo;activit\u00e9.<\/li>\n<li>D\u00e9sinfection des mains \u00e0 l\u2019entr\u00e9e et \u00e0 la sortie de la salle<\/li>\n<li>Le masque est obligatoire avant et apr\u00e8s l\u2019activit\u00e9.<\/li>\n<li>Il est vivement conseill\u00e9 de porter le masque durant l\u2019activit\u00e9.<\/li>\n<li>Si le nombre de judokas du cours adultes est trop important, nous fixerons un nombre limite par cours. Une tournante qui se ferait sur inscription (fichier partag\u00e9) serait organis\u00e9e.<\/li>\n<\/ul>\n<p>&nbsp;<\/p>\n<h4><span style=\"color: #000080;\"><span style=\"color: #000080;\">2. MESURES D&rsquo;HYGI\u00c8NE<\/span><\/span><\/h4>\n<p><a href=\"http:\/\/judoclubsambreville.be\/index.php\/mesures-covid\/covid-hygiene\/\" rel=\"attachment wp-att-1571\"><img loading=\"lazy\" decoding=\"async\" class=\"aligncenter wp-image-1571 size-full\" src=\"http:\/\/judoclubsambreville.be\/wp-content\/uploads\/2020\/08\/covid-hygiene.png\" alt=\"covid-hygiene\" width=\"800\" height=\"391\" srcset=\"https:\/\/judoclubsambreville.be\/wp-content\/uploads\/2020\/08\/covid-hygiene.png 800w, https:\/\/judoclubsambreville.be\/wp-content\/uploads\/2020\/08\/covid-hygiene-300x147.png 300w, https:\/\/judoclubsambreville.be\/wp-content\/uploads\/2020\/08\/covid-hygiene-768x375.png 768w\" sizes=\"auto, (max-width: 800px) 100vw, 800px\" \/><\/a><\/p>\n<ul>\n<li>Du gel d\u00e9sinfectant sera \u00e0 disposition de toute personne entrant dans la salle ou participant aux entra\u00eenements.<\/li>\n<li>Les entra\u00eeneurs porteront le masque durant toute la dur\u00e9e de l\u2019entra\u00eenement.<\/li>\n<li>Le tatami sera nettoy\u00e9 et d\u00e9sinfect\u00e9 apr\u00e8s chaque jour d\u2019entra\u00eenement (nous faisons appel \u00e0 la bonne volont\u00e9 de chacun pour aider au nettoyage qui ne prend pas longtemps si trois personnes s\u2019en occupent).<\/li>\n<li>Les toilettes et vestiaires seront continuellement d\u00e9sinfect\u00e9s.<\/li>\n<\/ul>\n<p>&nbsp;<\/p>\n<h4><span style=\"color: #000080;\"><strong>3. LA BUVETTE<\/strong><\/span><\/h4>\n<p>La buvette restera accessible mais sera \u00e9galement soumise \u00e0 des r\u00e8gles bien pr\u00e9cises :<\/p>\n<ul>\n<li>La buvette sera am\u00e9nag\u00e9e (tables en moins) afin de respecter les distanciations\u00a0sociales.<\/li>\n<li>Le masque est obligatoire.<\/li>\n<li>Les tables et chaises seront d\u00e9sinfect\u00e9es apr\u00e8s chaque utilisation.<\/li>\n<li>Les tarifs seront uniquement visibles aux murs.<\/li>\n<\/ul>\n<p>&nbsp;<\/p>\n<h4><span style=\"color: #003366;\"><strong>4. DES QUESTIONS ?<\/strong><\/span><\/h4>\n<p><a href=\"http:\/\/judoclubsambreville.be\/index.php\/mesures-covid\/phone\/\" rel=\"attachment wp-att-1568\"><img loading=\"lazy\" decoding=\"async\" class=\"alignleft wp-image-1568\" src=\"http:\/\/judoclubsambreville.be\/wp-content\/uploads\/2020\/08\/Phone.png\" alt=\"Phone\" width=\"50\" height=\"50\" \/><\/a>\u00a00477\/50-81-58 ou<\/p>\n<p>0499\/60-35-35<\/p>\n<p><a href=\"http:\/\/judoclubsambreville.be\/index.php\/mesures-covid\/mail_arobase\/\" rel=\"attachment wp-att-1569\"><img loading=\"lazy\" decoding=\"async\" class=\"alignleft wp-image-1569\" src=\"http:\/\/judoclubsambreville.be\/wp-content\/uploads\/2020\/08\/Mail_arobase.png\" alt=\"Mail_arobase\" width=\"50\" height=\"52\" \/><\/a><\/p>\n<p>judo.club.sambreville@gmail.com<\/p>\n","protected":false},"excerpt":{"rendered":"<p>Votre bien-\u00eatre est au centre de nos pr\u00e9occupations, c\u2019est pourquoi nous mettons tout en\u00a0\u0153uvre pour la pr\u00e9servation de votre sant\u00e9<\/p>\n","protected":false},"author":1,"featured_media":0,"parent":0,"menu_order":0,"comment_status":"closed","ping_status":"closed","template":"","meta":{"colormag_page_container_layout":"default_layout","colormag_page_sidebar_layout":"default_layout","footnotes":""},"class_list":["post-1554","page","type-page","status-publish","hentry"],"yoast_head":"<!-- This site is optimized with the Yoast SEO plugin v27.2 - https:\/\/yoast.com\/product\/yoast-seo-wordpress\/ -->\n<title>Mesures COVID - Judo Club Sambreville<\/title>\n<meta name=\"robots\" content=\"index, follow, max-snippet:-1, max-image-preview:large, max-video-preview:-1\" \/>\n<link rel=\"canonical\" href=\"https:\/\/judoclubsambreville.be\/index.php\/mesures-covid\/\" \/>\n<meta property=\"og:locale\" content=\"fr_FR\" \/>\n<meta property=\"og:type\" content=\"article\" \/>\n<meta property=\"og:title\" content=\"Mesures COVID - Judo Club Sambreville\" \/>\n<meta property=\"og:description\" content=\"Votre bien-\u00eatre est au centre de nos pr\u00e9occupations, c\u2019est pourquoi nous mettons tout en\u00a0\u0153uvre pour la pr\u00e9servation de votre sant\u00e9\" \/>\n<meta property=\"og:url\" content=\"https:\/\/judoclubsambreville.be\/index.php\/mesures-covid\/\" \/>\n<meta property=\"og:site_name\" content=\"Judo Club Sambreville\" \/>\n<meta property=\"article:modified_time\" content=\"2021-08-21T08:47:51+00:00\" \/>\n<meta property=\"og:image\" content=\"https:\/\/judoclubsambreville.be\/wp-content\/uploads\/2020\/08\/covid-6-bis.png\" \/>\n\t<meta property=\"og:image:width\" content=\"800\" \/>\n\t<meta property=\"og:image:height\" content=\"681\" \/>\n\t<meta property=\"og:image:type\" content=\"image\/png\" \/>\n<meta name=\"twitter:card\" content=\"summary_large_image\" \/>\n<meta name=\"twitter:label1\" content=\"Dur\u00e9e de lecture estim\u00e9e\" \/>\n\t<meta name=\"twitter:data1\" content=\"5 minutes\" \/>\n<script type=\"application\/ld+json\" class=\"yoast-schema-graph\">{\"@context\":\"https:\/\/schema.org\",\"@graph\":[{\"@type\":\"WebPage\",\"@id\":\"https:\/\/judoclubsambreville.be\/index.php\/mesures-covid\/\",\"url\":\"https:\/\/judoclubsambreville.be\/index.php\/mesures-covid\/\",\"name\":\"Mesures COVID - Judo Club Sambreville\",\"isPartOf\":{\"@id\":\"https:\/\/judoclubsambreville.be\/#website\"},\"primaryImageOfPage\":{\"@id\":\"https:\/\/judoclubsambreville.be\/index.php\/mesures-covid\/#primaryimage\"},\"image\":{\"@id\":\"https:\/\/judoclubsambreville.be\/index.php\/mesures-covid\/#primaryimage\"},\"thumbnailUrl\":\"http:\/\/judoclubsambreville.be\/wp-content\/uploads\/2020\/08\/covid-6-bis.png\",\"datePublished\":\"2020-08-18T19:35:35+00:00\",\"dateModified\":\"2021-08-21T08:47:51+00:00\",\"breadcrumb\":{\"@id\":\"https:\/\/judoclubsambreville.be\/index.php\/mesures-covid\/#breadcrumb\"},\"inLanguage\":\"fr-FR\",\"potentialAction\":[{\"@type\":\"ReadAction\",\"target\":[\"https:\/\/judoclubsambreville.be\/index.php\/mesures-covid\/\"]}]},{\"@type\":\"ImageObject\",\"inLanguage\":\"fr-FR\",\"@id\":\"https:\/\/judoclubsambreville.be\/index.php\/mesures-covid\/#primaryimage\",\"url\":\"http:\/\/judoclubsambreville.be\/wp-content\/uploads\/2020\/08\/covid-6-bis.png\",\"contentUrl\":\"http:\/\/judoclubsambreville.be\/wp-content\/uploads\/2020\/08\/covid-6-bis.png\"},{\"@type\":\"BreadcrumbList\",\"@id\":\"https:\/\/judoclubsambreville.be\/index.php\/mesures-covid\/#breadcrumb\",\"itemListElement\":[{\"@type\":\"ListItem\",\"position\":1,\"name\":\"Accueil\",\"item\":\"https:\/\/judoclubsambreville.be\/\"},{\"@type\":\"ListItem\",\"position\":2,\"name\":\"Mesures COVID\"}]},{\"@type\":\"WebSite\",\"@id\":\"https:\/\/judoclubsambreville.be\/#website\",\"url\":\"https:\/\/judoclubsambreville.be\/\",\"name\":\"Judo Club Sambreville\",\"description\":\"Un club pour toute la famille\",\"potentialAction\":[{\"@type\":\"SearchAction\",\"target\":{\"@type\":\"EntryPoint\",\"urlTemplate\":\"https:\/\/judoclubsambreville.be\/?s={search_term_string}\"},\"query-input\":{\"@type\":\"PropertyValueSpecification\",\"valueRequired\":true,\"valueName\":\"search_term_string\"}}],\"inLanguage\":\"fr-FR\"}]}<\/script>\n<!-- \/ Yoast SEO plugin. -->","yoast_head_json":{"title":"Mesures COVID - Judo Club Sambreville","robots":{"index":"index","follow":"follow","max-snippet":"max-snippet:-1","max-image-preview":"max-image-preview:large","max-video-preview":"max-video-preview:-1"},"canonical":"https:\/\/judoclubsambreville.be\/index.php\/mesures-covid\/","og_locale":"fr_FR","og_type":"article","og_title":"Mesures COVID - Judo Club Sambreville","og_description":"Votre bien-\u00eatre est au centre de nos pr\u00e9occupations, c\u2019est pourquoi nous mettons tout en\u00a0\u0153uvre pour la pr\u00e9servation de votre sant\u00e9","og_url":"https:\/\/judoclubsambreville.be\/index.php\/mesures-covid\/","og_site_name":"Judo Club Sambreville","article_modified_time":"2021-08-21T08:47:51+00:00","og_image":[{"width":800,"height":681,"url":"https:\/\/judoclubsambreville.be\/wp-content\/uploads\/2020\/08\/covid-6-bis.png","type":"image\/png"}],"twitter_card":"summary_large_image","twitter_misc":{"Dur\u00e9e de lecture estim\u00e9e":"5 minutes"},"schema":{"@context":"https:\/\/schema.org","@graph":[{"@type":"WebPage","@id":"https:\/\/judoclubsambreville.be\/index.php\/mesures-covid\/","url":"https:\/\/judoclubsambreville.be\/index.php\/mesures-covid\/","name":"Mesures COVID - Judo Club Sambreville","isPartOf":{"@id":"https:\/\/judoclubsambreville.be\/#website"},"primaryImageOfPage":{"@id":"https:\/\/judoclubsambreville.be\/index.php\/mesures-covid\/#primaryimage"},"image":{"@id":"https:\/\/judoclubsambreville.be\/index.php\/mesures-covid\/#primaryimage"},"thumbnailUrl":"http:\/\/judoclubsambreville.be\/wp-content\/uploads\/2020\/08\/covid-6-bis.png","datePublished":"2020-08-18T19:35:35+00:00","dateModified":"2021-08-21T08:47:51+00:00","breadcrumb":{"@id":"https:\/\/judoclubsambreville.be\/index.php\/mesures-covid\/#breadcrumb"},"inLanguage":"fr-FR","potentialAction":[{"@type":"ReadAction","target":["https:\/\/judoclubsambreville.be\/index.php\/mesures-covid\/"]}]},{"@type":"ImageObject","inLanguage":"fr-FR","@id":"https:\/\/judoclubsambreville.be\/index.php\/mesures-covid\/#primaryimage","url":"http:\/\/judoclubsambreville.be\/wp-content\/uploads\/2020\/08\/covid-6-bis.png","contentUrl":"http:\/\/judoclubsambreville.be\/wp-content\/uploads\/2020\/08\/covid-6-bis.png"},{"@type":"BreadcrumbList","@id":"https:\/\/judoclubsambreville.be\/index.php\/mesures-covid\/#breadcrumb","itemListElement":[{"@type":"ListItem","position":1,"name":"Accueil","item":"https:\/\/judoclubsambreville.be\/"},{"@type":"ListItem","position":2,"name":"Mesures COVID"}]},{"@type":"WebSite","@id":"https:\/\/judoclubsambreville.be\/#website","url":"https:\/\/judoclubsambreville.be\/","name":"Judo Club Sambreville","description":"Un club pour toute la famille","potentialAction":[{"@type":"SearchAction","target":{"@type":"EntryPoint","urlTemplate":"https:\/\/judoclubsambreville.be\/?s={search_term_string}"},"query-input":{"@type":"PropertyValueSpecification","valueRequired":true,"valueName":"search_term_string"}}],"inLanguage":"fr-FR"}]}},"_links":{"self":[{"href":"https:\/\/judoclubsambreville.be\/index.php\/wp-json\/wp\/v2\/pages\/1554","targetHints":{"allow":["GET"]}}],"collection":[{"href":"https:\/\/judoclubsambreville.be\/index.php\/wp-json\/wp\/v2\/pages"}],"about":[{"href":"https:\/\/judoclubsambreville.be\/index.php\/wp-json\/wp\/v2\/types\/page"}],"author":[{"embeddable":true,"href":"https:\/\/judoclubsambreville.be\/index.php\/wp-json\/wp\/v2\/users\/1"}],"replies":[{"embeddable":true,"href":"https:\/\/judoclubsambreville.be\/index.php\/wp-json\/wp\/v2\/comments?post=1554"}],"version-history":[{"count":21,"href":"https:\/\/judoclubsambreville.be\/index.php\/wp-json\/wp\/v2\/pages\/1554\/revisions"}],"predecessor-version":[{"id":1651,"href":"https:\/\/judoclubsambreville.be\/index.php\/wp-json\/wp\/v2\/pages\/1554\/revisions\/1651"}],"wp:attachment":[{"href":"https:\/\/judoclubsambreville.be\/index.php\/wp-json\/wp\/v2\/media?parent=1554"}],"curies":[{"name":"wp","href":"https:\/\/api.w.org\/{rel}","templated":true}]}}