{"id":173,"date":"2016-02-27T19:53:48","date_gmt":"2016-02-27T18:53:48","guid":{"rendered":"http:\/\/judoclubsambreville.be\/?page_id=173"},"modified":"2016-03-02T11:40:59","modified_gmt":"2016-03-02T10:40:59","slug":"competitions","status":"publish","type":"page","link":"https:\/\/judoclubsambreville.be\/index.php\/competitions\/","title":{"rendered":"Comp\u00e9titions"},"content":{"rendered":"<p>Notre club participe r\u00e9guli\u00e8rement \u00e0 des comp\u00e9titions amicales. Peu importe la cat\u00e9gorie d\u2019\u00e2ge ou le niveau, vous ou vos enfants seront toujours accompagn\u00e9s par un professeur afin de vous ou les encourager et coacher durant les combats !<\/p>\n<a href=\"http:\/\/judoclubsambreville.be\/index.php\/competitions\/competitions-amicales\/\" class=\"su-button su-button-style-flat\" style=\"color:#FFFFFF;background-color:#c31624;border-color:#9c121d;border-radius:9px\" target=\"_self\"><span style=\"color:#FFFFFF;padding:0px 24px;font-size:18px;line-height:36px;border-color:#d55c66;border-radius:9px;text-shadow:none\"> Comp\u00e9titions amicales<\/span><\/a> \u00a0<a href=\"http:\/\/judoclubsambreville.be\/index.php\/competitions\/competitions-officielles\/\" class=\"su-button su-button-style-flat\" style=\"color:#FFFFFF;background-color:#c31624;border-color:#9c121d;border-radius:9px\" target=\"_self\"><span style=\"color:#FFFFFF;padding:0px 24px;font-size:18px;line-height:36px;border-color:#d55c66;border-radius:9px;text-shadow:none\"> Comp\u00e9titions officielles<\/span><\/a>\n","protected":false},"excerpt":{"rendered":"<p>Notre club participe r\u00e9guli\u00e8rement \u00e0 des comp\u00e9titions amicales. Peu importe la cat\u00e9gorie d\u2019\u00e2ge ou le niveau, vous ou vos enfants<\/p>\n","protected":false},"author":1,"featured_media":0,"parent":0,"menu_order":0,"comment_status":"closed","ping_status":"closed","template":"","meta":{"colormag_page_container_layout":"no_sidebar_full_width","colormag_page_sidebar_layout":"no_sidebar","footnotes":""},"class_list":["post-173","page","type-page","status-publish","hentry"],"yoast_head":"<!-- This site is optimized with the Yoast SEO plugin v27.2 - https:\/\/yoast.com\/product\/yoast-seo-wordpress\/ -->\n<title>Comp\u00e9titions - Judo Club Sambreville<\/title>\n<meta name=\"robots\" content=\"index, follow, max-snippet:-1, max-image-preview:large, max-video-preview:-1\" \/>\n<link rel=\"canonical\" href=\"https:\/\/judoclubsambreville.be\/index.php\/competitions\/\" \/>\n<meta property=\"og:locale\" content=\"fr_FR\" \/>\n<meta property=\"og:type\" content=\"article\" \/>\n<meta property=\"og:title\" content=\"Comp\u00e9titions - Judo Club Sambreville\" \/>\n<meta property=\"og:description\" content=\"Notre club participe r\u00e9guli\u00e8rement \u00e0 des comp\u00e9titions amicales. Peu importe la cat\u00e9gorie d\u2019\u00e2ge ou le niveau, vous ou vos enfants\" \/>\n<meta property=\"og:url\" content=\"https:\/\/judoclubsambreville.be\/index.php\/competitions\/\" \/>\n<meta property=\"og:site_name\" content=\"Judo Club Sambreville\" \/>\n<meta property=\"article:modified_time\" content=\"2016-03-02T10:40:59+00:00\" \/>\n<meta name=\"twitter:card\" content=\"summary_large_image\" \/>\n<script type=\"application\/ld+json\" class=\"yoast-schema-graph\">{\"@context\":\"https:\/\/schema.org\",\"@graph\":[{\"@type\":\"WebPage\",\"@id\":\"https:\/\/judoclubsambreville.be\/index.php\/competitions\/\",\"url\":\"https:\/\/judoclubsambreville.be\/index.php\/competitions\/\",\"name\":\"Comp\u00e9titions - Judo Club Sambreville\",\"isPartOf\":{\"@id\":\"https:\/\/judoclubsambreville.be\/#website\"},\"datePublished\":\"2016-02-27T18:53:48+00:00\",\"dateModified\":\"2016-03-02T10:40:59+00:00\",\"breadcrumb\":{\"@id\":\"https:\/\/judoclubsambreville.be\/index.php\/competitions\/#breadcrumb\"},\"inLanguage\":\"fr-FR\",\"potentialAction\":[{\"@type\":\"ReadAction\",\"target\":[\"https:\/\/judoclubsambreville.be\/index.php\/competitions\/\"]}]},{\"@type\":\"BreadcrumbList\",\"@id\":\"https:\/\/judoclubsambreville.be\/index.php\/competitions\/#breadcrumb\",\"itemListElement\":[{\"@type\":\"ListItem\",\"position\":1,\"name\":\"Accueil\",\"item\":\"https:\/\/judoclubsambreville.be\/\"},{\"@type\":\"ListItem\",\"position\":2,\"name\":\"Comp\u00e9titions\"}]},{\"@type\":\"WebSite\",\"@id\":\"https:\/\/judoclubsambreville.be\/#website\",\"url\":\"https:\/\/judoclubsambreville.be\/\",\"name\":\"Judo Club Sambreville\",\"description\":\"Un club pour toute la famille\",\"potentialAction\":[{\"@type\":\"SearchAction\",\"target\":{\"@type\":\"EntryPoint\",\"urlTemplate\":\"https:\/\/judoclubsambreville.be\/?s={search_term_string}\"},\"query-input\":{\"@type\":\"PropertyValueSpecification\",\"valueRequired\":true,\"valueName\":\"search_term_string\"}}],\"inLanguage\":\"fr-FR\"}]}<\/script>\n<!-- \/ Yoast SEO plugin. -->","yoast_head_json":{"title":"Comp\u00e9titions - Judo Club Sambreville","robots":{"index":"index","follow":"follow","max-snippet":"max-snippet:-1","max-image-preview":"max-image-preview:large","max-video-preview":"max-video-preview:-1"},"canonical":"https:\/\/judoclubsambreville.be\/index.php\/competitions\/","og_locale":"fr_FR","og_type":"article","og_title":"Comp\u00e9titions - Judo Club Sambreville","og_description":"Notre club participe r\u00e9guli\u00e8rement \u00e0 des comp\u00e9titions amicales. Peu importe la cat\u00e9gorie d\u2019\u00e2ge ou le niveau, vous ou vos enfants","og_url":"https:\/\/judoclubsambreville.be\/index.php\/competitions\/","og_site_name":"Judo Club Sambreville","article_modified_time":"2016-03-02T10:40:59+00:00","twitter_card":"summary_large_image","schema":{"@context":"https:\/\/schema.org","@graph":[{"@type":"WebPage","@id":"https:\/\/judoclubsambreville.be\/index.php\/competitions\/","url":"https:\/\/judoclubsambreville.be\/index.php\/competitions\/","name":"Comp\u00e9titions - Judo Club Sambreville","isPartOf":{"@id":"https:\/\/judoclubsambreville.be\/#website"},"datePublished":"2016-02-27T18:53:48+00:00","dateModified":"2016-03-02T10:40:59+00:00","breadcrumb":{"@id":"https:\/\/judoclubsambreville.be\/index.php\/competitions\/#breadcrumb"},"inLanguage":"fr-FR","potentialAction":[{"@type":"ReadAction","target":["https:\/\/judoclubsambreville.be\/index.php\/competitions\/"]}]},{"@type":"BreadcrumbList","@id":"https:\/\/judoclubsambreville.be\/index.php\/competitions\/#breadcrumb","itemListElement":[{"@type":"ListItem","position":1,"name":"Accueil","item":"https:\/\/judoclubsambreville.be\/"},{"@type":"ListItem","position":2,"name":"Comp\u00e9titions"}]},{"@type":"WebSite","@id":"https:\/\/judoclubsambreville.be\/#website","url":"https:\/\/judoclubsambreville.be\/","name":"Judo Club Sambreville","description":"Un club pour toute la famille","potentialAction":[{"@type":"SearchAction","target":{"@type":"EntryPoint","urlTemplate":"https:\/\/judoclubsambreville.be\/?s={search_term_string}"},"query-input":{"@type":"PropertyValueSpecification","valueRequired":true,"valueName":"search_term_string"}}],"inLanguage":"fr-FR"}]}},"_links":{"self":[{"href":"https:\/\/judoclubsambreville.be\/index.php\/wp-json\/wp\/v2\/pages\/173","targetHints":{"allow":["GET"]}}],"collection":[{"href":"https:\/\/judoclubsambreville.be\/index.php\/wp-json\/wp\/v2\/pages"}],"about":[{"href":"https:\/\/judoclubsambreville.be\/index.php\/wp-json\/wp\/v2\/types\/page"}],"author":[{"embeddable":true,"href":"https:\/\/judoclubsambreville.be\/index.php\/wp-json\/wp\/v2\/users\/1"}],"replies":[{"embeddable":true,"href":"https:\/\/judoclubsambreville.be\/index.php\/wp-json\/wp\/v2\/comments?post=173"}],"version-history":[{"count":6,"href":"https:\/\/judoclubsambreville.be\/index.php\/wp-json\/wp\/v2\/pages\/173\/revisions"}],"predecessor-version":[{"id":469,"href":"https:\/\/judoclubsambreville.be\/index.php\/wp-json\/wp\/v2\/pages\/173\/revisions\/469"}],"wp:attachment":[{"href":"https:\/\/judoclubsambreville.be\/index.php\/wp-json\/wp\/v2\/media?parent=173"}],"curies":[{"name":"wp","href":"https:\/\/api.w.org\/{rel}","templated":true}]}}