{"id":1865,"date":"2022-11-01T15:00:09","date_gmt":"2022-11-01T14:00:09","guid":{"rendered":"https:\/\/judoclubsambreville.be\/?page_id=1865"},"modified":"2025-07-28T17:52:28","modified_gmt":"2025-07-28T16:52:28","slug":"sambreville-mag","status":"publish","type":"page","link":"https:\/\/judoclubsambreville.be\/index.php\/sambreville-mag\/","title":{"rendered":"Sv mag"},"content":{"rendered":"<h1 class=\"alignnone\" style=\"text-align: center;\">D\u00e9couvrez tous les num\u00e9ros du Sv Mag<\/h1>\n<p>Num\u00e9ro 7 &#8211; <a href=\"https:\/\/judoclubsambreville.be\/wp-content\/uploads\/2025\/07\/Svmag2025-Jan-Juin-v3.pdf\" target=\"_blank\" rel=\"noopener\">Janvier 2025 \u00e0 Juin 2025<\/a><\/p>\n<p>Num\u00e9ro 6 &#8211; <a href=\"https:\/\/judoclubsambreville.be\/wp-content\/uploads\/2025\/05\/Svmag40ans-sanstrait.pdf\" target=\"_blank\" rel=\"noopener\">Sp\u00e9cial 40 ans<\/a><\/p>\n<p>Num\u00e9ro 5 &#8211; <a href=\"https:\/\/judoclubsambreville.be\/wp-content\/uploads\/2025\/02\/Svmag2025-v4.pdf\" target=\"_blank\" rel=\"noopener\">Septembre 2024 \u00e0 D\u00e9cembre 2024<\/a><\/p>\n<p>Num\u00e9ro 4 &#8211; <a href=\"https:\/\/judoclubsambreville.be\/wp-content\/uploads\/2024\/06\/Svmag2024.pdf\">Septembre 2023 \u00e0 Juin 2024<\/a><\/p>\n<p>Num\u00e9ro 3 &#8211; <a href=\"https:\/\/judoclubsambreville.be\/wp-content\/uploads\/2023\/06\/Svmag2023_v3.pdf\" target=\"_blank\" rel=\"noopener\">Janvier \u00e0 Juin 2023<\/a><\/p>\n<p>Num\u00e9ro 2 &#8211; <a href=\"https:\/\/judoclubsambreville.be\/wp-content\/uploads\/2023\/01\/Svmag_2022_11-12_FINAL.pdf\" target=\"_blank\" rel=\"noopener\">Novembre \u00e0 D\u00e9cembre 2022<\/a><\/p>\n<p>Num\u00e9ro 1 &#8211; <a href=\"https:\/\/judoclubsambreville.be\/wp-content\/uploads\/2023\/06\/Svmag2022-v5.pdf\" target=\"_blank\" rel=\"noopener\">Septembre \u00e0 Octobre 2022<\/a><\/p>\n","protected":false},"excerpt":{"rendered":"<p>D\u00e9couvrez tous les num\u00e9ros du Sv Mag Num\u00e9ro 7 &#8211; Janvier 2025 \u00e0 Juin 2025 Num\u00e9ro 6 &#8211; Sp\u00e9cial 40<\/p>\n","protected":false},"author":1,"featured_media":0,"parent":0,"menu_order":0,"comment_status":"closed","ping_status":"closed","template":"","meta":{"colormag_page_container_layout":"no_sidebar_full_width","colormag_page_sidebar_layout":"no_sidebar","footnotes":""},"class_list":["post-1865","page","type-page","status-publish","hentry"],"yoast_head":"<!-- This site is optimized with the Yoast SEO plugin v27.2 - https:\/\/yoast.com\/product\/yoast-seo-wordpress\/ -->\n<title>Sv mag - Judo Club Sambreville<\/title>\n<meta name=\"robots\" content=\"index, follow, max-snippet:-1, max-image-preview:large, max-video-preview:-1\" \/>\n<link rel=\"canonical\" href=\"https:\/\/judoclubsambreville.be\/index.php\/sambreville-mag\/\" \/>\n<meta property=\"og:locale\" content=\"fr_FR\" \/>\n<meta property=\"og:type\" content=\"article\" \/>\n<meta property=\"og:title\" content=\"Sv mag - Judo Club Sambreville\" \/>\n<meta property=\"og:description\" content=\"D\u00e9couvrez tous les num\u00e9ros du Sv Mag Num\u00e9ro 7 &#8211; Janvier 2025 \u00e0 Juin 2025 Num\u00e9ro 6 &#8211; Sp\u00e9cial 40\" \/>\n<meta property=\"og:url\" content=\"https:\/\/judoclubsambreville.be\/index.php\/sambreville-mag\/\" \/>\n<meta property=\"og:site_name\" content=\"Judo Club Sambreville\" \/>\n<meta property=\"article:modified_time\" content=\"2025-07-28T16:52:28+00:00\" \/>\n<meta name=\"twitter:card\" content=\"summary_large_image\" \/>\n<meta name=\"twitter:label1\" content=\"Dur\u00e9e de lecture estim\u00e9e\" \/>\n\t<meta name=\"twitter:data1\" content=\"1 minute\" \/>\n<script type=\"application\/ld+json\" class=\"yoast-schema-graph\">{\"@context\":\"https:\/\/schema.org\",\"@graph\":[{\"@type\":\"WebPage\",\"@id\":\"https:\/\/judoclubsambreville.be\/index.php\/sambreville-mag\/\",\"url\":\"https:\/\/judoclubsambreville.be\/index.php\/sambreville-mag\/\",\"name\":\"Sv mag - Judo Club Sambreville\",\"isPartOf\":{\"@id\":\"https:\/\/judoclubsambreville.be\/#website\"},\"datePublished\":\"2022-11-01T14:00:09+00:00\",\"dateModified\":\"2025-07-28T16:52:28+00:00\",\"breadcrumb\":{\"@id\":\"https:\/\/judoclubsambreville.be\/index.php\/sambreville-mag\/#breadcrumb\"},\"inLanguage\":\"fr-FR\",\"potentialAction\":[{\"@type\":\"ReadAction\",\"target\":[\"https:\/\/judoclubsambreville.be\/index.php\/sambreville-mag\/\"]}]},{\"@type\":\"BreadcrumbList\",\"@id\":\"https:\/\/judoclubsambreville.be\/index.php\/sambreville-mag\/#breadcrumb\",\"itemListElement\":[{\"@type\":\"ListItem\",\"position\":1,\"name\":\"Accueil\",\"item\":\"https:\/\/judoclubsambreville.be\/\"},{\"@type\":\"ListItem\",\"position\":2,\"name\":\"Sv mag\"}]},{\"@type\":\"WebSite\",\"@id\":\"https:\/\/judoclubsambreville.be\/#website\",\"url\":\"https:\/\/judoclubsambreville.be\/\",\"name\":\"Judo Club Sambreville\",\"description\":\"Un club pour toute la famille\",\"potentialAction\":[{\"@type\":\"SearchAction\",\"target\":{\"@type\":\"EntryPoint\",\"urlTemplate\":\"https:\/\/judoclubsambreville.be\/?s={search_term_string}\"},\"query-input\":{\"@type\":\"PropertyValueSpecification\",\"valueRequired\":true,\"valueName\":\"search_term_string\"}}],\"inLanguage\":\"fr-FR\"}]}<\/script>\n<!-- \/ Yoast SEO plugin. -->","yoast_head_json":{"title":"Sv mag - Judo Club Sambreville","robots":{"index":"index","follow":"follow","max-snippet":"max-snippet:-1","max-image-preview":"max-image-preview:large","max-video-preview":"max-video-preview:-1"},"canonical":"https:\/\/judoclubsambreville.be\/index.php\/sambreville-mag\/","og_locale":"fr_FR","og_type":"article","og_title":"Sv mag - Judo Club Sambreville","og_description":"D\u00e9couvrez tous les num\u00e9ros du Sv Mag Num\u00e9ro 7 &#8211; Janvier 2025 \u00e0 Juin 2025 Num\u00e9ro 6 &#8211; Sp\u00e9cial 40","og_url":"https:\/\/judoclubsambreville.be\/index.php\/sambreville-mag\/","og_site_name":"Judo Club Sambreville","article_modified_time":"2025-07-28T16:52:28+00:00","twitter_card":"summary_large_image","twitter_misc":{"Dur\u00e9e de lecture estim\u00e9e":"1 minute"},"schema":{"@context":"https:\/\/schema.org","@graph":[{"@type":"WebPage","@id":"https:\/\/judoclubsambreville.be\/index.php\/sambreville-mag\/","url":"https:\/\/judoclubsambreville.be\/index.php\/sambreville-mag\/","name":"Sv mag - Judo Club Sambreville","isPartOf":{"@id":"https:\/\/judoclubsambreville.be\/#website"},"datePublished":"2022-11-01T14:00:09+00:00","dateModified":"2025-07-28T16:52:28+00:00","breadcrumb":{"@id":"https:\/\/judoclubsambreville.be\/index.php\/sambreville-mag\/#breadcrumb"},"inLanguage":"fr-FR","potentialAction":[{"@type":"ReadAction","target":["https:\/\/judoclubsambreville.be\/index.php\/sambreville-mag\/"]}]},{"@type":"BreadcrumbList","@id":"https:\/\/judoclubsambreville.be\/index.php\/sambreville-mag\/#breadcrumb","itemListElement":[{"@type":"ListItem","position":1,"name":"Accueil","item":"https:\/\/judoclubsambreville.be\/"},{"@type":"ListItem","position":2,"name":"Sv mag"}]},{"@type":"WebSite","@id":"https:\/\/judoclubsambreville.be\/#website","url":"https:\/\/judoclubsambreville.be\/","name":"Judo Club Sambreville","description":"Un club pour toute la famille","potentialAction":[{"@type":"SearchAction","target":{"@type":"EntryPoint","urlTemplate":"https:\/\/judoclubsambreville.be\/?s={search_term_string}"},"query-input":{"@type":"PropertyValueSpecification","valueRequired":true,"valueName":"search_term_string"}}],"inLanguage":"fr-FR"}]}},"_links":{"self":[{"href":"https:\/\/judoclubsambreville.be\/index.php\/wp-json\/wp\/v2\/pages\/1865","targetHints":{"allow":["GET"]}}],"collection":[{"href":"https:\/\/judoclubsambreville.be\/index.php\/wp-json\/wp\/v2\/pages"}],"about":[{"href":"https:\/\/judoclubsambreville.be\/index.php\/wp-json\/wp\/v2\/types\/page"}],"author":[{"embeddable":true,"href":"https:\/\/judoclubsambreville.be\/index.php\/wp-json\/wp\/v2\/users\/1"}],"replies":[{"embeddable":true,"href":"https:\/\/judoclubsambreville.be\/index.php\/wp-json\/wp\/v2\/comments?post=1865"}],"version-history":[{"count":21,"href":"https:\/\/judoclubsambreville.be\/index.php\/wp-json\/wp\/v2\/pages\/1865\/revisions"}],"predecessor-version":[{"id":2571,"href":"https:\/\/judoclubsambreville.be\/index.php\/wp-json\/wp\/v2\/pages\/1865\/revisions\/2571"}],"wp:attachment":[{"href":"https:\/\/judoclubsambreville.be\/index.php\/wp-json\/wp\/v2\/media?parent=1865"}],"curies":[{"name":"wp","href":"https:\/\/api.w.org\/{rel}","templated":true}]}}