{"id":1985,"date":"2023-04-23T13:05:57","date_gmt":"2023-04-23T12:05:57","guid":{"rendered":"https:\/\/judoclubsambreville.be\/?page_id=1985"},"modified":"2024-02-27T07:59:29","modified_gmt":"2024-02-27T06:59:29","slug":"open-judo-sambreville-2","status":"publish","type":"page","link":"https:\/\/judoclubsambreville.be\/index.php\/open-judo-sambreville-2\/","title":{"rendered":"Open Judo Sambreville 2023"},"content":{"rendered":"<h1 style=\"text-align: center;\">Merci !<\/h1>\n<div id='gallery-1' class='gallery galleryid-1985 gallery-columns-4 gallery-size-large'><figure class='gallery-item'>\n\t\t\t<div class='gallery-icon landscape'>\n\t\t\t\t<a href='https:\/\/judoclubsambreville.be\/index.php\/open-judo-sambreville-2\/open2-2\/'><img loading=\"lazy\" decoding=\"async\" width=\"800\" height=\"600\" src=\"https:\/\/judoclubsambreville.be\/wp-content\/uploads\/2023\/04\/Open2-1024x768.jpg\" class=\"attachment-large size-large\" alt=\"\" srcset=\"https:\/\/judoclubsambreville.be\/wp-content\/uploads\/2023\/04\/Open2-1024x768.jpg 1024w, https:\/\/judoclubsambreville.be\/wp-content\/uploads\/2023\/04\/Open2-300x225.jpg 300w, https:\/\/judoclubsambreville.be\/wp-content\/uploads\/2023\/04\/Open2-768x576.jpg 768w, https:\/\/judoclubsambreville.be\/wp-content\/uploads\/2023\/04\/Open2.jpg 1600w\" sizes=\"auto, (max-width: 800px) 100vw, 800px\" \/><\/a>\n\t\t\t<\/div><\/figure><figure class='gallery-item'>\n\t\t\t<div class='gallery-icon landscape'>\n\t\t\t\t<a href='https:\/\/judoclubsambreville.be\/index.php\/open-judo-sambreville-2\/open_1\/'><img loading=\"lazy\" decoding=\"async\" width=\"800\" height=\"600\" src=\"https:\/\/judoclubsambreville.be\/wp-content\/uploads\/2023\/04\/open_1-1024x768.jpg\" class=\"attachment-large size-large\" alt=\"\" srcset=\"https:\/\/judoclubsambreville.be\/wp-content\/uploads\/2023\/04\/open_1-1024x768.jpg 1024w, https:\/\/judoclubsambreville.be\/wp-content\/uploads\/2023\/04\/open_1-300x225.jpg 300w, https:\/\/judoclubsambreville.be\/wp-content\/uploads\/2023\/04\/open_1-768x576.jpg 768w, https:\/\/judoclubsambreville.be\/wp-content\/uploads\/2023\/04\/open_1.jpg 1600w\" sizes=\"auto, (max-width: 800px) 100vw, 800px\" \/><\/a>\n\t\t\t<\/div><\/figure><figure class='gallery-item'>\n\t\t\t<div class='gallery-icon landscape'>\n\t\t\t\t<a href='https:\/\/judoclubsambreville.be\/index.php\/open-judo-sambreville-2\/img_2986\/'><img loading=\"lazy\" decoding=\"async\" width=\"800\" height=\"534\" src=\"https:\/\/judoclubsambreville.be\/wp-content\/uploads\/2023\/04\/IMG_2986-1024x683.jpg\" class=\"attachment-large size-large\" alt=\"\" srcset=\"https:\/\/judoclubsambreville.be\/wp-content\/uploads\/2023\/04\/IMG_2986-1024x683.jpg 1024w, https:\/\/judoclubsambreville.be\/wp-content\/uploads\/2023\/04\/IMG_2986-300x200.jpg 300w, https:\/\/judoclubsambreville.be\/wp-content\/uploads\/2023\/04\/IMG_2986-768x512.jpg 768w\" sizes=\"auto, (max-width: 800px) 100vw, 800px\" \/><\/a>\n\t\t\t<\/div><\/figure><figure class='gallery-item'>\n\t\t\t<div class='gallery-icon landscape'>\n\t\t\t\t<a href='https:\/\/judoclubsambreville.be\/index.php\/open-judo-sambreville-2\/img_3040\/'><img loading=\"lazy\" decoding=\"async\" width=\"800\" height=\"534\" src=\"https:\/\/judoclubsambreville.be\/wp-content\/uploads\/2023\/04\/IMG_3040-1024x683.jpg\" class=\"attachment-large size-large\" alt=\"\" srcset=\"https:\/\/judoclubsambreville.be\/wp-content\/uploads\/2023\/04\/IMG_3040-1024x683.jpg 1024w, https:\/\/judoclubsambreville.be\/wp-content\/uploads\/2023\/04\/IMG_3040-300x200.jpg 300w, https:\/\/judoclubsambreville.be\/wp-content\/uploads\/2023\/04\/IMG_3040-768x512.jpg 768w\" sizes=\"auto, (max-width: 800px) 100vw, 800px\" \/><\/a>\n\t\t\t<\/div><\/figure><figure class='gallery-item'>\n\t\t\t<div class='gallery-icon landscape'>\n\t\t\t\t<a href='https:\/\/judoclubsambreville.be\/index.php\/open-judo-sambreville-2\/img_3120\/'><img loading=\"lazy\" decoding=\"async\" width=\"800\" height=\"534\" src=\"https:\/\/judoclubsambreville.be\/wp-content\/uploads\/2023\/04\/IMG_3120-1024x683.jpg\" class=\"attachment-large size-large\" alt=\"\" srcset=\"https:\/\/judoclubsambreville.be\/wp-content\/uploads\/2023\/04\/IMG_3120-1024x683.jpg 1024w, https:\/\/judoclubsambreville.be\/wp-content\/uploads\/2023\/04\/IMG_3120-300x200.jpg 300w, https:\/\/judoclubsambreville.be\/wp-content\/uploads\/2023\/04\/IMG_3120-768x512.jpg 768w\" sizes=\"auto, (max-width: 800px) 100vw, 800px\" \/><\/a>\n\t\t\t<\/div><\/figure><figure class='gallery-item'>\n\t\t\t<div class='gallery-icon landscape'>\n\t\t\t\t<a href='https:\/\/judoclubsambreville.be\/index.php\/open-judo-sambreville-2\/img_3121\/'><img loading=\"lazy\" decoding=\"async\" width=\"800\" height=\"534\" src=\"https:\/\/judoclubsambreville.be\/wp-content\/uploads\/2023\/04\/IMG_3121-1024x683.jpg\" class=\"attachment-large size-large\" alt=\"\" srcset=\"https:\/\/judoclubsambreville.be\/wp-content\/uploads\/2023\/04\/IMG_3121-1024x683.jpg 1024w, https:\/\/judoclubsambreville.be\/wp-content\/uploads\/2023\/04\/IMG_3121-300x200.jpg 300w, https:\/\/judoclubsambreville.be\/wp-content\/uploads\/2023\/04\/IMG_3121-768x512.jpg 768w\" sizes=\"auto, (max-width: 800px) 100vw, 800px\" \/><\/a>\n\t\t\t<\/div><\/figure><figure class='gallery-item'>\n\t\t\t<div class='gallery-icon landscape'>\n\t\t\t\t<a href='https:\/\/judoclubsambreville.be\/index.php\/open-judo-sambreville-2\/img_3126\/'><img loading=\"lazy\" decoding=\"async\" width=\"800\" height=\"534\" src=\"https:\/\/judoclubsambreville.be\/wp-content\/uploads\/2023\/04\/IMG_3126-1024x683.jpg\" class=\"attachment-large size-large\" alt=\"\" srcset=\"https:\/\/judoclubsambreville.be\/wp-content\/uploads\/2023\/04\/IMG_3126-1024x683.jpg 1024w, https:\/\/judoclubsambreville.be\/wp-content\/uploads\/2023\/04\/IMG_3126-300x200.jpg 300w, https:\/\/judoclubsambreville.be\/wp-content\/uploads\/2023\/04\/IMG_3126-768x512.jpg 768w\" sizes=\"auto, (max-width: 800px) 100vw, 800px\" \/><\/a>\n\t\t\t<\/div><\/figure>\n\t\t<\/div>\n\n<p>&nbsp;<\/p>\n<div class=\"x11i5rnm xat24cr x1mh8g0r x1vvkbs xtlvy1s x126k92a\">\n<div dir=\"auto\">Au total, ce sont plus de 500 judokas issus de 100 clubs venus de Belgique, de France, du Luxembourg et des Pays-Bas qui se sont d\u00e9plac\u00e9s jusqu&rsquo;\u00e0 Sambreville. \u00c0 vous tous, nous vous disons un grand MERCI.<\/div>\n<div dir=\"auto\"><\/div>\n<\/div>\n<div class=\"x11i5rnm xat24cr x1mh8g0r x1vvkbs xtlvy1s x126k92a\">\n<div dir=\"auto\">Nous esp\u00e9rons que vous avez pass\u00e9 un chouette moment et que nous vous reverrons l&rsquo;ann\u00e9e prochaine (la date vous sera bient\u00f4t communiqu\u00e9e) <span class=\"x3nfvp2 x1j61x8r x1fcty0u xdj266r xhhsvwb xat24cr xgzva0m xxymvpz xlup9mm x1kky2od\"><img loading=\"lazy\" decoding=\"async\" src=\"https:\/\/static.xx.fbcdn.net\/images\/emoji.php\/v9\/td8\/1.5\/16\/1f60a.png\" alt=\"\" width=\"16\" height=\"16\" \/><\/span> <span class=\"x3nfvp2 x1j61x8r x1fcty0u xdj266r xhhsvwb xat24cr xgzva0m xxymvpz xlup9mm x1kky2od\"><img loading=\"lazy\" decoding=\"async\" src=\"https:\/\/static.xx.fbcdn.net\/images\/emoji.php\/v9\/t98\/1.5\/16\/1f94b.png\" alt=\"\" width=\"16\" height=\"16\" \/><\/span>.<\/div>\n<\/div>\n<div class=\"x11i5rnm xat24cr x1mh8g0r x1vvkbs xtlvy1s x126k92a\">\n<div dir=\"auto\"><\/div>\n<div dir=\"auto\">Merci \u00e0 tous nos b\u00e9n\u00e9voles, qu&rsquo;ils soient parents ou judokas, qui nous ont aid\u00e9 trois jours durant. Sans eux, ceci n&rsquo;aurait pas \u00e9t\u00e9 possible.<\/div>\n<\/div>\n<div class=\"x11i5rnm xat24cr x1mh8g0r x1vvkbs xtlvy1s x126k92a\">\n<div dir=\"auto\"><\/div>\n<div dir=\"auto\">Merci \u00e0 X-ode-Out pour la sonorisation.<\/div>\n<\/div>\n<div class=\"x11i5rnm xat24cr x1mh8g0r x1vvkbs xtlvy1s x126k92a\">\n<div dir=\"auto\">Merci \u00e0 Bernard pour l&rsquo;aide logistique.<\/div>\n<\/div>\n<div class=\"x11i5rnm xat24cr x1mh8g0r x1vvkbs xtlvy1s x126k92a\">\n<div dir=\"auto\">Merci \u00e0 <a class=\"x1i10hfl xjbqb8w x6umtig x1b1mbwd xaqea5y xav7gou x9f619 x1ypdohk xt0psk2 xe8uvvx xdj266r x11i5rnm xat24cr x1mh8g0r xexx8yu x4uap5 x18d9i69 xkhd6sd x16tdsg8 x1hl2dhg xggy1nq x1a2a7pz xt0b8zv x1qq9wsj xo1l8bm\" tabindex=\"0\" href=\"https:\/\/www.facebook.com\/budohouse1978?__cft__[0]=AZVnI1vEUqqURZz3nluqCZnWda0jWv8GjTXskBt9-x1JW8HfYhaGRam3Tv8mjOqIsuq1D_JiMyAytLH-70gXGufZ9Sy_wfZrD895tGXZExCJ9zHoOotv1nkrtZXfJWmW3NXvLPRAosnnSiOgl_rZdyRLPsDqRJNMhKeMTn0tuAIbWeaJccWkHUMDSHGptHR91OU&amp;__tn__=-]K-R\"><span class=\"xt0psk2\">Budo House<\/span><\/a> et \u00e0 <a class=\"x1i10hfl xjbqb8w x6umtig x1b1mbwd xaqea5y xav7gou x9f619 x1ypdohk xt0psk2 xe8uvvx xdj266r x11i5rnm xat24cr x1mh8g0r xexx8yu x4uap5 x18d9i69 xkhd6sd x16tdsg8 x1hl2dhg xggy1nq x1a2a7pz xt0b8zv x1qq9wsj xo1l8bm\" tabindex=\"0\" href=\"https:\/\/www.facebook.com\/wazabsport1?__cft__[0]=AZVnI1vEUqqURZz3nluqCZnWda0jWv8GjTXskBt9-x1JW8HfYhaGRam3Tv8mjOqIsuq1D_JiMyAytLH-70gXGufZ9Sy_wfZrD895tGXZExCJ9zHoOotv1nkrtZXfJWmW3NXvLPRAosnnSiOgl_rZdyRLPsDqRJNMhKeMTn0tuAIbWeaJccWkHUMDSHGptHR91OU&amp;__tn__=-]K-R\"><span class=\"xt0psk2\">Waza B Sport<\/span><\/a> pour les magnifiques cadeaux.<\/div>\n<\/div>\n<div class=\"x11i5rnm xat24cr x1mh8g0r x1vvkbs xtlvy1s x126k92a\">\n<div dir=\"auto\">Merci \u00e0 tous nos sponsors qui nous suivent depuis des ann\u00e9es et qui ont une nouvelle fois r\u00e9pondu pr\u00e9sents.<\/div>\n<\/div>\n<div class=\"x11i5rnm xat24cr x1mh8g0r x1vvkbs xtlvy1s x126k92a\">\n<div dir=\"auto\">Merci \u00e0 la ville de Sambreville pour nous avoir soutenu dans ce projet.<\/div>\n<\/div>\n<div class=\"x11i5rnm xat24cr x1mh8g0r x1vvkbs xtlvy1s x126k92a\">\n<div dir=\"auto\">Les photos de la comp\u00e9tition ont \u00e9t\u00e9 publi\u00e9es sur notre <a href=\"https:\/\/www.facebook.com\/JudoClubSambreville\">page Facebook<\/a>.<\/div>\n<\/div>\n<div class=\"x11i5rnm xat24cr x1mh8g0r x1vvkbs xtlvy1s x126k92a\">\n<div dir=\"auto\"><\/div>\n<div dir=\"auto\">A l&rsquo;ann\u00e9e prochaine pour la 2e \u00e9dition de notre tournoi <span class=\"x3nfvp2 x1j61x8r x1fcty0u xdj266r xhhsvwb xat24cr xgzva0m xxymvpz xlup9mm x1kky2od\"><img loading=\"lazy\" decoding=\"async\" src=\"https:\/\/static.xx.fbcdn.net\/images\/emoji.php\/v9\/t17\/1.5\/16\/1f3c6.png\" alt=\"\" width=\"16\" height=\"16\" \/><\/span><\/div>\n<\/div>\n<div class=\"x11i5rnm xat24cr x1mh8g0r x1vvkbs xtlvy1s x126k92a\">\n<div dir=\"auto\">L&rsquo;\u00e9quipe \u00e9ducative,<\/div>\n<div dir=\"auto\">Le comit\u00e9<\/div>\n<\/div>\n","protected":false},"excerpt":{"rendered":"<p>Merci ! &nbsp; Au total, ce sont plus de 500 judokas issus de 100 clubs venus de Belgique, de France,<\/p>\n","protected":false},"author":1,"featured_media":0,"parent":0,"menu_order":0,"comment_status":"closed","ping_status":"closed","template":"","meta":{"colormag_page_container_layout":"default_layout","colormag_page_sidebar_layout":"default_layout","footnotes":""},"class_list":["post-1985","page","type-page","status-publish","hentry"],"yoast_head":"<!-- This site is optimized with the Yoast SEO plugin v27.2 - https:\/\/yoast.com\/product\/yoast-seo-wordpress\/ -->\n<title>Open Judo Sambreville 2023 - Judo Club Sambreville<\/title>\n<meta name=\"robots\" content=\"index, follow, max-snippet:-1, max-image-preview:large, max-video-preview:-1\" \/>\n<link rel=\"canonical\" href=\"https:\/\/judoclubsambreville.be\/index.php\/open-judo-sambreville-2\/\" \/>\n<meta property=\"og:locale\" content=\"fr_FR\" \/>\n<meta property=\"og:type\" content=\"article\" \/>\n<meta property=\"og:title\" content=\"Open Judo Sambreville 2023 - Judo Club Sambreville\" \/>\n<meta property=\"og:description\" content=\"Merci ! &nbsp; Au total, ce sont plus de 500 judokas issus de 100 clubs venus de Belgique, de France,\" \/>\n<meta property=\"og:url\" content=\"https:\/\/judoclubsambreville.be\/index.php\/open-judo-sambreville-2\/\" \/>\n<meta property=\"og:site_name\" content=\"Judo Club Sambreville\" \/>\n<meta property=\"article:modified_time\" content=\"2024-02-27T06:59:29+00:00\" \/>\n<meta property=\"og:image\" content=\"https:\/\/judoclubsambreville.be\/wp-content\/uploads\/2023\/04\/Open2-1024x768.jpg\" \/>\n<meta name=\"twitter:card\" content=\"summary_large_image\" \/>\n<meta name=\"twitter:label1\" content=\"Dur\u00e9e de lecture estim\u00e9e\" \/>\n\t<meta name=\"twitter:data1\" content=\"1 minute\" \/>\n<script type=\"application\/ld+json\" class=\"yoast-schema-graph\">{\"@context\":\"https:\/\/schema.org\",\"@graph\":[{\"@type\":\"WebPage\",\"@id\":\"https:\/\/judoclubsambreville.be\/index.php\/open-judo-sambreville-2\/\",\"url\":\"https:\/\/judoclubsambreville.be\/index.php\/open-judo-sambreville-2\/\",\"name\":\"Open Judo Sambreville 2023 - Judo Club Sambreville\",\"isPartOf\":{\"@id\":\"https:\/\/judoclubsambreville.be\/#website\"},\"primaryImageOfPage\":{\"@id\":\"https:\/\/judoclubsambreville.be\/index.php\/open-judo-sambreville-2\/#primaryimage\"},\"image\":{\"@id\":\"https:\/\/judoclubsambreville.be\/index.php\/open-judo-sambreville-2\/#primaryimage\"},\"thumbnailUrl\":\"https:\/\/static.xx.fbcdn.net\/images\/emoji.php\/v9\/td8\/1.5\/16\/1f60a.png\",\"datePublished\":\"2023-04-23T12:05:57+00:00\",\"dateModified\":\"2024-02-27T06:59:29+00:00\",\"breadcrumb\":{\"@id\":\"https:\/\/judoclubsambreville.be\/index.php\/open-judo-sambreville-2\/#breadcrumb\"},\"inLanguage\":\"fr-FR\",\"potentialAction\":[{\"@type\":\"ReadAction\",\"target\":[\"https:\/\/judoclubsambreville.be\/index.php\/open-judo-sambreville-2\/\"]}]},{\"@type\":\"ImageObject\",\"inLanguage\":\"fr-FR\",\"@id\":\"https:\/\/judoclubsambreville.be\/index.php\/open-judo-sambreville-2\/#primaryimage\",\"url\":\"https:\/\/static.xx.fbcdn.net\/images\/emoji.php\/v9\/td8\/1.5\/16\/1f60a.png\",\"contentUrl\":\"https:\/\/static.xx.fbcdn.net\/images\/emoji.php\/v9\/td8\/1.5\/16\/1f60a.png\"},{\"@type\":\"BreadcrumbList\",\"@id\":\"https:\/\/judoclubsambreville.be\/index.php\/open-judo-sambreville-2\/#breadcrumb\",\"itemListElement\":[{\"@type\":\"ListItem\",\"position\":1,\"name\":\"Accueil\",\"item\":\"https:\/\/judoclubsambreville.be\/\"},{\"@type\":\"ListItem\",\"position\":2,\"name\":\"Open Judo Sambreville 2023\"}]},{\"@type\":\"WebSite\",\"@id\":\"https:\/\/judoclubsambreville.be\/#website\",\"url\":\"https:\/\/judoclubsambreville.be\/\",\"name\":\"Judo Club Sambreville\",\"description\":\"Un club pour toute la famille\",\"potentialAction\":[{\"@type\":\"SearchAction\",\"target\":{\"@type\":\"EntryPoint\",\"urlTemplate\":\"https:\/\/judoclubsambreville.be\/?s={search_term_string}\"},\"query-input\":{\"@type\":\"PropertyValueSpecification\",\"valueRequired\":true,\"valueName\":\"search_term_string\"}}],\"inLanguage\":\"fr-FR\"}]}<\/script>\n<!-- \/ Yoast SEO plugin. -->","yoast_head_json":{"title":"Open Judo Sambreville 2023 - Judo Club Sambreville","robots":{"index":"index","follow":"follow","max-snippet":"max-snippet:-1","max-image-preview":"max-image-preview:large","max-video-preview":"max-video-preview:-1"},"canonical":"https:\/\/judoclubsambreville.be\/index.php\/open-judo-sambreville-2\/","og_locale":"fr_FR","og_type":"article","og_title":"Open Judo Sambreville 2023 - Judo Club Sambreville","og_description":"Merci ! &nbsp; Au total, ce sont plus de 500 judokas issus de 100 clubs venus de Belgique, de France,","og_url":"https:\/\/judoclubsambreville.be\/index.php\/open-judo-sambreville-2\/","og_site_name":"Judo Club Sambreville","article_modified_time":"2024-02-27T06:59:29+00:00","og_image":[{"url":"https:\/\/judoclubsambreville.be\/wp-content\/uploads\/2023\/04\/Open2-1024x768.jpg","type":"","width":"","height":""}],"twitter_card":"summary_large_image","twitter_misc":{"Dur\u00e9e de lecture estim\u00e9e":"1 minute"},"schema":{"@context":"https:\/\/schema.org","@graph":[{"@type":"WebPage","@id":"https:\/\/judoclubsambreville.be\/index.php\/open-judo-sambreville-2\/","url":"https:\/\/judoclubsambreville.be\/index.php\/open-judo-sambreville-2\/","name":"Open Judo Sambreville 2023 - Judo Club Sambreville","isPartOf":{"@id":"https:\/\/judoclubsambreville.be\/#website"},"primaryImageOfPage":{"@id":"https:\/\/judoclubsambreville.be\/index.php\/open-judo-sambreville-2\/#primaryimage"},"image":{"@id":"https:\/\/judoclubsambreville.be\/index.php\/open-judo-sambreville-2\/#primaryimage"},"thumbnailUrl":"https:\/\/static.xx.fbcdn.net\/images\/emoji.php\/v9\/td8\/1.5\/16\/1f60a.png","datePublished":"2023-04-23T12:05:57+00:00","dateModified":"2024-02-27T06:59:29+00:00","breadcrumb":{"@id":"https:\/\/judoclubsambreville.be\/index.php\/open-judo-sambreville-2\/#breadcrumb"},"inLanguage":"fr-FR","potentialAction":[{"@type":"ReadAction","target":["https:\/\/judoclubsambreville.be\/index.php\/open-judo-sambreville-2\/"]}]},{"@type":"ImageObject","inLanguage":"fr-FR","@id":"https:\/\/judoclubsambreville.be\/index.php\/open-judo-sambreville-2\/#primaryimage","url":"https:\/\/static.xx.fbcdn.net\/images\/emoji.php\/v9\/td8\/1.5\/16\/1f60a.png","contentUrl":"https:\/\/static.xx.fbcdn.net\/images\/emoji.php\/v9\/td8\/1.5\/16\/1f60a.png"},{"@type":"BreadcrumbList","@id":"https:\/\/judoclubsambreville.be\/index.php\/open-judo-sambreville-2\/#breadcrumb","itemListElement":[{"@type":"ListItem","position":1,"name":"Accueil","item":"https:\/\/judoclubsambreville.be\/"},{"@type":"ListItem","position":2,"name":"Open Judo Sambreville 2023"}]},{"@type":"WebSite","@id":"https:\/\/judoclubsambreville.be\/#website","url":"https:\/\/judoclubsambreville.be\/","name":"Judo Club Sambreville","description":"Un club pour toute la famille","potentialAction":[{"@type":"SearchAction","target":{"@type":"EntryPoint","urlTemplate":"https:\/\/judoclubsambreville.be\/?s={search_term_string}"},"query-input":{"@type":"PropertyValueSpecification","valueRequired":true,"valueName":"search_term_string"}}],"inLanguage":"fr-FR"}]}},"_links":{"self":[{"href":"https:\/\/judoclubsambreville.be\/index.php\/wp-json\/wp\/v2\/pages\/1985","targetHints":{"allow":["GET"]}}],"collection":[{"href":"https:\/\/judoclubsambreville.be\/index.php\/wp-json\/wp\/v2\/pages"}],"about":[{"href":"https:\/\/judoclubsambreville.be\/index.php\/wp-json\/wp\/v2\/types\/page"}],"author":[{"embeddable":true,"href":"https:\/\/judoclubsambreville.be\/index.php\/wp-json\/wp\/v2\/users\/1"}],"replies":[{"embeddable":true,"href":"https:\/\/judoclubsambreville.be\/index.php\/wp-json\/wp\/v2\/comments?post=1985"}],"version-history":[{"count":3,"href":"https:\/\/judoclubsambreville.be\/index.php\/wp-json\/wp\/v2\/pages\/1985\/revisions"}],"predecessor-version":[{"id":2231,"href":"https:\/\/judoclubsambreville.be\/index.php\/wp-json\/wp\/v2\/pages\/1985\/revisions\/2231"}],"wp:attachment":[{"href":"https:\/\/judoclubsambreville.be\/index.php\/wp-json\/wp\/v2\/media?parent=1985"}],"curies":[{"name":"wp","href":"https:\/\/api.w.org\/{rel}","templated":true}]}}