{"id":2210,"date":"2024-01-09T20:20:26","date_gmt":"2024-01-09T19:20:26","guid":{"rendered":"https:\/\/judoclubsambreville.be\/?page_id=2210"},"modified":"2024-01-09T20:20:42","modified_gmt":"2024-01-09T19:20:42","slug":"roi","status":"publish","type":"page","link":"https:\/\/judoclubsambreville.be\/index.php\/roi\/","title":{"rendered":"ROI"},"content":{"rendered":"<h1 style=\"text-align: center;\"><strong>REGLEMENT D\u2019ORDRE INTERIEUR <\/strong><\/h1>\n<p><strong><u>G\u00e9n\u00e9ralit\u00e9s<\/u><\/strong><\/p>\n<p>Art. 1 L\u2019association se nomme \u00ab judo club Sambreville ASBL\u00a0\u00bb<\/p>\n<p>Art.2 Le nom et le logo du club sont propri\u00e9t\u00e9s de celui-ci et ne peuvent en aucun cas \u00eatre utilis\u00e9s sans l\u2019accord pr\u00e9alable de l\u2019organe d\u2019administration.<\/p>\n<p>Art.3 Le pr\u00e9sent ROI est d\u00e9fini par l\u2019Organe d\u2019Administration. Il peut \u00eatre modifi\u00e9 ou compl\u00e9t\u00e9 par celui-ci lors de chaque r\u00e9union.<\/p>\n<p>Art.4 Le ROI du club ainsi que celui de Judo Wallonie Bruxelles sont applicables par tous les membres du club, les visiteurs, parents, accompagnants.<\/p>\n<p>Art. 5 On entend par membres ceux d\u00e9finis par les statuts.<\/p>\n<p><strong><u>Organisation du club<\/u><\/strong><\/p>\n<p>Art. 6 Les organes du club sont\u00a0:<\/p>\n<ul>\n<li>L\u2019assembl\u00e9e g\u00e9n\u00e9rale<\/li>\n<li>L\u2019organe d\u2019administration<\/li>\n<li>Le comit\u00e9<\/li>\n<li>L\u2019\u00e9quipe \u00e9ducative<\/li>\n<\/ul>\n<p><u>L\u2019assembl\u00e9e g\u00e9n\u00e9rale<\/u><\/p>\n<p>Art. 7 L\u2019assembl\u00e9e g\u00e9n\u00e9rale est compos\u00e9e des membres effectifs, comme d\u00e9finis par les statuts. Elle dispose des pouvoirs tels que repris par les lois et les statuts des assembl\u00e9es g\u00e9n\u00e9rales. Elle se tient une fois par an.<\/p>\n<p><u>L\u2019organe d\u2019administration<\/u><\/p>\n<p>Art. 8 L\u2019organe d\u2019administration est l\u2019organe de d\u00e9cision du club. Il a les droits et devoirs conf\u00e9r\u00e9s par la loi et les statuts du club.<\/p>\n<p>Il est compos\u00e9 au minimum d\u2019un.e pr\u00e9sident.e,d\u2019un.e vice pr\u00e9sident.e, d\u2019un.e.secr\u00e9taire, d\u2019 un.e.tr\u00e9sorier-\u00e8re.<\/p>\n<p>Ils sont \u00e9lus par l\u2019assembl\u00e9e g\u00e9n\u00e9rale\u00a0et se conforment au r\u00e8glement et statuts du club.<\/p>\n<p><u>Le comit\u00e9<\/u><\/p>\n<p>Art. 9 Le comit\u00e9 est compos\u00e9 de membres effectifs souhaitant s\u2019investir dans le fonctionnement de celui-ci et dont la candidature est soumise \u00e0 l\u2019OA.<\/p>\n<p>Les membres du comit\u00e9 participent aux r\u00e9unions et aux d\u00e9cisions relatives aux \u00e9v\u00e9nements et organisations du club.<\/p>\n<p>Il n\u2019a pas pouvoir de d\u00e9cisions sur le p\u00e9dagogique et le sportif.<\/p>\n<p><u>L\u2019\u00e9quipe \u00e9ducative<\/u><\/p>\n<p>Art. 10 Elle est compos\u00e9e du directeur technique et sportif ainsi que des moniteurs agr\u00e9\u00e9s ADEPS.<\/p>\n<p>Art. 11 Le Directeur technique est responsable<\/p>\n<ul>\n<li>De la gestion de l\u2019\u00e9quipe \u00e9ducative<\/li>\n<li>De l\u2019\u00e9tablissement et la mise en application des programmes des cours de judo<\/li>\n<li>De l\u2019\u00e9tablissement du programme pour les passages de grade<\/li>\n<li>De la grille horaire hebdomadaire<\/li>\n<li>De l\u2019organisation des passages de grades au sein du club<\/li>\n<li>De la pr\u00e9paration et de la candidature pour les passages de grade Dan<\/li>\n<li>Du calendrier des comp\u00e9titions<\/li>\n<li>Gestion des comp\u00e9titeurs<\/li>\n<\/ul>\n<p>Art. 12 L \u2019\u00e9quipe \u00e9ducative est responsable des cours de judo et de l\u2019accompagnement des judokas en comp\u00e9tition.<\/p>\n<p><strong><u>Les obligations des membres<\/u><\/strong><\/p>\n<p><u>Conditions d\u2019admission aux cours de judo<\/u><\/p>\n<p>Art. 13 <u>P\u00e9riode d\u2019essai<\/u><\/p>\n<p>Celle-ci se limite \u00e0 deux cours pendant lesquels le futur judoka pourra se familiariser avec le judo.<\/p>\n<p>Pendant ces cours d\u2019essai le club pr\u00eate gratuitement la tenue.<\/p>\n<p>A la suite de ces cours d\u2019essai, l\u2019inscription sera obligatoire\u00a0:<\/p>\n<ul>\n<li>Paiement de la licence- assurance et de la cotisation<\/li>\n<li>Papier m\u00e9dical en ordre<\/li>\n<\/ul>\n<p>Art. 14 La licence est l\u2019affiliation \u00e0 la JWB ainsi que l\u2019assurance, le montant est fix\u00e9 annuellement par l\u2019AG de JWB et est valable pour 1 an. Le renouvellement de la licence doit se faire 1 mois avant l\u2019\u00e9ch\u00e9ance.<\/p>\n<p>Art.15 L\u2019attestation m\u00e9dicale est \u00e0 faire compl\u00e9ter par un m\u00e9decin de son choix. Elle est valable 1 an.<\/p>\n<p>Art. 16 La cotisation est annuelle. Le prix est fix\u00e9 par l\u2019assembl\u00e9e g\u00e9n\u00e9rale. Elle est payable \u00e0 chaque nouvelle saison sportive.<\/p>\n<p>Pour les nouveaux membres commen\u00e7ant en cours de saison, elle sera au prorata des mois restants.<\/p>\n<p>Une r\u00e9duction est pr\u00e9vue \u00e0 partir du 3e membre d\u2019une m\u00eame famille.<\/p>\n<p>Aucun remboursement de la cotisation n\u2019est pr\u00e9vu, en cas de non-fr\u00e9quentation des cours.<\/p>\n<p>Le paiement de la licence et de la cotisation ainsi que l\u2019attestation m\u00e9dicale sont obligatoires pour fr\u00e9quenter les cours ainsi que pour participer aux comp\u00e9titions.<\/p>\n<p><strong><u>Les cours <\/u><\/strong><\/p>\n<p>Art. 17 Les cours sont r\u00e9partis selon les \u00e2ges. Cette r\u00e9partition et l\u2019horaire peuvent \u00eatre modifi\u00e9s selon le nombre de judokas ou les circonstances.<\/p>\n<p>Le passage d\u2019un cours \u00e0 l\u2019autre est \u00e0 l\u2019appr\u00e9ciation exclusive de l\u2019\u00e9quipe \u00e9ducative.<\/p>\n<p>Des circonstances exceptionnelles peuvent nous amener \u00e0 donner des cours \u00e0 distance. Ceux-ci sont consid\u00e9r\u00e9s comme des cours normaux et sont comptabilis\u00e9s pour les pr\u00e9sences.<\/p>\n<p>Art. 18 Un cours sp\u00e9cifique \u201ccomp\u00e9tition\u201d est organis\u00e9 le mercredi.<\/p>\n<p>Il est accessible UNIQUEMENT aux comp\u00e9titeurs. L\u2019acc\u00e8s \u00e0 ce cours est d\u00e9cid\u00e9 par l\u2019\u00e9quipe \u00e9ducative.<\/p>\n<p>Art. 19 Un cour sp\u00e9cifique \u201c kata\u201d est organis\u00e9 une fois par mois. Il est ouvert aux judokas du club (min 10 ans) d\u00e9sirant se familiariser au kata.<\/p>\n<p><u>La prise en charge<\/u><\/p>\n<p>Art. 20 Les judokas sont sous la responsabilit\u00e9 du club pendant les heures de cours quand ils sont sur le tatami.<\/p>\n<p>En dehors de son cours, tout incident ou d\u00e9gradation sont sous la responsabilit\u00e9 du judoka ou de son parent.<\/p>\n<p><strong><u>Acc\u00e8s au dojo<\/u><\/strong><\/p>\n<p>Art. 21 L\u2019acc\u00e8s au dojo est r\u00e9serv\u00e9 aux judokas participant au cours.<\/p>\n<p>Pour un meilleur apprentissage du judoka et le bien-\u00eatre de tous, il est demand\u00e9 aux accompagnants de ne pas rester dans le dojo pendant les cours.<\/p>\n<p>De m\u00eame, les accompagnants sont tenus de respecter les cours lors de la reprise du judoka.<\/p>\n<p>Tout retard \u00e0 la reprise du judoka apr\u00e8s le cours doit \u00eatre signal\u00e9.<\/p>\n<p><strong><u>Les grades\u00a0: <\/u><\/strong><\/p>\n<p>Art. 22 Les passages de grades sont d\u00e9finis selon diff\u00e9rents crit\u00e8res\u00a0:<\/p>\n<p>&#8211;\u00a0 l\u2019\u00e2ge<\/p>\n<p>&#8211;\u00a0 le nombre minimum requis de pr\u00e9sences selon les grades. (Elles sont prises \u00e0 chaque cours)<\/p>\n<p>&#8211; la connaissance et l\u2019ex\u00e9cution correcte des techniques demand\u00e9es (requises \u00e0 chaque grade)<\/p>\n<p>&#8211; la pr\u00e9sence au cours kata du club est obligatoire \u00e0 partir de ceinture verte pour les judokas du<\/p>\n<p>cours adultes.<\/p>\n<p>&#8211; Le respect du code moral de judo.<\/p>\n<p>&#8211; L\u2019\u00e9quipe \u00e9ducative d\u00e9cide des moments des passages de grade en fonction de ces crit\u00e8res.<\/p>\n<p>&nbsp;<\/p>\n<p>Le club fournit une ceinture de grade en \u00e9change de la pr\u00e9c\u00e9dente.<\/p>\n<p>&nbsp;<\/p>\n<p>Pour les passages de grades DAN, le r\u00e8glement de la JWB est en vigueur. L\u2019acc\u00e8s \u00e0 ce passage de grade est soumis \u00e0 l\u2019approbation du directeur technique<\/p>\n<p>&nbsp;<\/p>\n<p><strong><u>Les comp\u00e9titions<\/u><\/strong><\/p>\n<p>Art. 23 La participation aux comp\u00e9titions n\u2019est pas obligatoire. Un challenge au sein du club est organis\u00e9 pour les comp\u00e9titeurs (voir r\u00e8glement). En participant au challenge le judoka et ses parents marquent leur accord au r\u00e8glement.<\/p>\n<p>L\u2019\u00e9quipe \u00e9ducative s\u00e9lectionne les comp\u00e9titions auxquelles participe le club et qui entre dans le challenge.<\/p>\n<p>Les judokas qui d\u00e9sirent y participer doivent s\u2019inscrire au pr\u00e9alable.<\/p>\n<p>En cas de retard ou d\u2019absence, le judoka est tenu de pr\u00e9venir le coach. (Voir r\u00e8glement challenge)<\/p>\n<p>Le club pr\u00eate une ceinture rouge pour la dur\u00e9e des comp\u00e9tions. Le judoka est tenu de la restituer en fin de saison.<\/p>\n<p><strong><u>Le judoka<\/u><\/strong><\/p>\n<p><u>Tenue<\/u><\/p>\n<p>Art.24 Le judoka portera un judogi propre, non trou\u00e9 ou d\u00e9chir\u00e9.<\/p>\n<p>Pendant la p\u00e9riode d\u2019essai, le club pr\u00eate un judogi. Apr\u00e8s celle-ci le judoka est tenu d\u2019en acqu\u00e9rir un.<\/p>\n<p>Les filles portent un t-shirt blanc, ras-de-cou<\/p>\n<p>&nbsp;<\/p>\n<p><u>L&rsquo;hygi\u00e8ne du judoka <\/u><\/p>\n<p>Art. 25 Le judoka devra avoir une hygi\u00e8ne pour la pratique du judo:<\/p>\n<ul>\n<li>Avoir les ongles de doigts et de pieds propres et coup\u00e9s courts afin de ne pas blesser les partenaires<\/li>\n<li>\u00catre propre, ainsi que le judogi, pour le bien de tous.<\/li>\n<li>Ne pas porter de montres, boucles d&rsquo;oreilles, piercing, colliers, bracelets, &#8230;. peu importe la mati\u00e8re)<\/li>\n<li>En cas de verrue ou blessure avant le cours, se soigner \u00e0 la maison<\/li>\n<li>En dehors du tatami, circuler avec des chaussons, tongues, claquettes &#8230;<\/li>\n<li>Attacher ses cheveux s&rsquo;ils sont longs.<\/li>\n<\/ul>\n<p><u>Le comportement<\/u><\/p>\n<p>Art. 26 Le judoka respecte le code moral du judo et la charte \u00e9thique, sur le tatami, dans le dojo et en comp\u00e9tition.<\/p>\n<p>Le judoka quitte le tatami apr\u00e8s en avoir demand\u00e9 l\u2019autorisation au moniteur.<\/p>\n<p>Il est interdit de boire (sauf autorisation du moniteur), manger, chiquer sur le tatami<\/p>\n<p>La pratique du dopage est interdite lors des entra\u00eenements et comp\u00e9titions. (Voir liste produits interdits sur site JWB).<\/p>\n<p>Il est interdit de fumer, boire des boissons alcoolis\u00e9es ou de consommer des substances illicites dans le dojo ainsi que de se pr\u00e9senter au cours sous influence.<\/p>\n<p>Art.27. Les parents de judokas se doivent de respecter le code moral et la charte \u00e9thique du judo dans le dojo, en comp\u00e9tition ou en toute circonstance. Ils ne doivent pas porter atteinte verbale ou physique \u00e0 l\u2019\u00e9quipe \u00e9ducative, aux membres du conseil d\u2019administration, au comit\u00e9, ainsi qu\u2019\u00e0 tout membre du club et parents.<\/p>\n<p><strong><u>Visite \u00e0 d\u2019autres clubs<\/u><\/strong><\/p>\n<p>Art 28. En cas de visite dans un autre club, il est obligatoire d\u2019en avertir le directeur technique.<\/p>\n<p><strong><u>Entrainements r\u00e9gionaux et f\u00e9d\u00e9raux<\/u><\/strong><\/p>\n<p>Art 29. Le calendrier de la participation aux entrainements organis\u00e9s par la JWB sera \u00e9tabli avec le directeur technique.<\/p>\n<p><strong><u>\u00a0<\/u><\/strong><\/p>\n<p><strong><u>Les accidents<\/u><\/strong><\/p>\n<p>Art. 30 Les accidents sont couverts dans les limites de l\u2019assurance de JWB pour le judoka en ordre de licence ET de papier m\u00e9dical. En cas d\u2019accident, une d\u00e9claration d\u2019accident sera compl\u00e9t\u00e9e et l\u2019affili\u00e9 devra la rentrer \u00e0 la JWB.<\/p>\n<p><strong><u>La salle de musculation<\/u><\/strong><\/p>\n<p>Art. 31 Une salle de musculation est accessible gratuitement aux judokas en ordre de licence et de cotisation. Le judoka qui d\u00e9sire l\u2019utiliser doit en faire la demande au directeur technique.<\/p>\n<p>La salle devra imp\u00e9rativement \u00eatre remise en ordre et le mat\u00e9riel d\u00e9sinfect\u00e9 apr\u00e8s utilisation sous peine d\u2019en voir l\u2019acc\u00e8s refus\u00e9.<\/p>\n<p><strong><u>Perte, vol, d\u00e9gradation<\/u><\/strong><\/p>\n<p>Art. 32 Le club ne peut \u00eatre tenu responsable en cas de perte, vol, d\u00e9gradation d\u2019objets de valeur d\u2019un judoka ou accompagnant.<\/p>\n<p>Art. 33 Toute d\u00e9gradation volontaire de bien mobilier ou immobilier ou du mat\u00e9riel appartenant au club sera \u00e0 charge du judoka ou de son responsable.<\/p>\n<p><strong><u>Sanctions<\/u><\/strong><\/p>\n<p>Art. 34 Le judoka ne respectant pas le ROI ou la charte \u00e9thique sera sanctionn\u00e9. Toute sanction sera proportionnelle au manquement et pourra aboutir \u00e0 l\u2019exclusion du club.<\/p>\n<p>Art. 35 Les parents ne respectant pas le ROI ou la charte \u00e9thique seront sanctionn\u00e9s. Toute sanction sera proportionnelle au manquement et pourra aboutir \u00e0 l\u2019exclusion du club. Cette sanction sera d\u00e9termin\u00e9e par l\u2019OA<\/p>\n<p>Art. 36 Tout comportement contraire aux bonnes m\u0153urs sera sanctionn\u00e9 par l\u2019exclusion imm\u00e9diate du club et plainte sera d\u00e9pos\u00e9e par l\u2019OA aux autorit\u00e9s comp\u00e9tentes.<\/p>\n<p><strong><u>La buvette<\/u><\/strong><\/p>\n<p>Art. 37 La buvette est accessible uniquement aux membres du JC Sambreville et de leurs accompagnants pendant la dur\u00e9e des entrainements ou lors d\u2019organisations.<\/p>\n<p>Le JC Sambreville se r\u00e9serve le droit de refuser l\u2019acc\u00e8s de celle-ci.<\/p>\n<p><strong><u>Circonstances exceptionnelles<\/u><\/strong><\/p>\n<p>Art. 38 Des circonstances exceptionnelles (sanitaires ou autres) peuvent amener \u00e0 adapter le ROI dans l\u2019int\u00e9r\u00eat des judokas et du club.<\/p>\n<p><strong><u>RGPD<\/u><\/strong><\/p>\n<p>Art. 39 Chaque membre qui s\u2019inscrit remplit une fiche personnelle transmise \u00e0 la JWB afin d\u2019officialiser son inscription. Le club tient un registre des membres reprenant ces informations.<\/p>\n<p>Le judoka ou son responsable pr\u00e9viendra de modification \u00e9ventuelle afin de faciliter la communication.<\/p>\n<p>Le club s\u2019engage \u00e0 ne pas c\u00e9der, vendre ou donner acc\u00e8s \u00e0 ces donn\u00e9es personnelles.<\/p>\n<p>Conform\u00e9ment au R\u00e8glement europ\u00e9en n\u00b0 2016\/679\/UE du 27 avril 2016 relatif \u00e0 la protection des personnes physiques \u00e0 l\u2019\u00e9gard du traitement des donn\u00e9es \u00e0 caract\u00e8re personnel et \u00e0 la libre circulation de ces donn\u00e9es, chaque membre b\u00e9n\u00e9ficie d\u2019un droit d\u2019acc\u00e8s, de rectification, d\u2019effacement des donn\u00e9es, de limitation du traitement, \u00e0 la portabilit\u00e9 des donn\u00e9es, d&rsquo;opposition et un droit d\u2019introduire une r\u00e9clamation (cf. article 15,16,17,18,20 et 21 dudit r\u00e8glement europ\u00e9en).<\/p>\n<p>&nbsp;<\/p>\n","protected":false},"excerpt":{"rendered":"<p>REGLEMENT D\u2019ORDRE INTERIEUR G\u00e9n\u00e9ralit\u00e9s Art. 1 L\u2019association se nomme \u00ab judo club Sambreville ASBL\u00a0\u00bb Art.2 Le nom et le logo<\/p>\n","protected":false},"author":1,"featured_media":0,"parent":0,"menu_order":0,"comment_status":"closed","ping_status":"closed","template":"","meta":{"colormag_page_container_layout":"no_sidebar_full_width","colormag_page_sidebar_layout":"no_sidebar","footnotes":""},"class_list":["post-2210","page","type-page","status-publish","hentry"],"yoast_head":"<!-- This site is optimized with the Yoast SEO plugin v27.2 - https:\/\/yoast.com\/product\/yoast-seo-wordpress\/ -->\n<title>ROI - Judo Club Sambreville<\/title>\n<meta name=\"robots\" content=\"index, follow, max-snippet:-1, max-image-preview:large, max-video-preview:-1\" \/>\n<link rel=\"canonical\" href=\"https:\/\/judoclubsambreville.be\/index.php\/roi\/\" \/>\n<meta property=\"og:locale\" content=\"fr_FR\" \/>\n<meta property=\"og:type\" content=\"article\" \/>\n<meta property=\"og:title\" content=\"ROI - Judo Club Sambreville\" \/>\n<meta property=\"og:description\" content=\"REGLEMENT D\u2019ORDRE INTERIEUR G\u00e9n\u00e9ralit\u00e9s Art. 1 L\u2019association se nomme \u00ab judo club Sambreville ASBL\u00a0\u00bb Art.2 Le nom et le logo\" \/>\n<meta property=\"og:url\" content=\"https:\/\/judoclubsambreville.be\/index.php\/roi\/\" \/>\n<meta property=\"og:site_name\" content=\"Judo Club Sambreville\" \/>\n<meta property=\"article:modified_time\" content=\"2024-01-09T19:20:42+00:00\" \/>\n<meta name=\"twitter:card\" content=\"summary_large_image\" \/>\n<meta name=\"twitter:label1\" content=\"Dur\u00e9e de lecture estim\u00e9e\" \/>\n\t<meta name=\"twitter:data1\" content=\"10 minutes\" \/>\n<script type=\"application\/ld+json\" class=\"yoast-schema-graph\">{\"@context\":\"https:\/\/schema.org\",\"@graph\":[{\"@type\":\"WebPage\",\"@id\":\"https:\/\/judoclubsambreville.be\/index.php\/roi\/\",\"url\":\"https:\/\/judoclubsambreville.be\/index.php\/roi\/\",\"name\":\"ROI - Judo Club Sambreville\",\"isPartOf\":{\"@id\":\"https:\/\/judoclubsambreville.be\/#website\"},\"datePublished\":\"2024-01-09T19:20:26+00:00\",\"dateModified\":\"2024-01-09T19:20:42+00:00\",\"breadcrumb\":{\"@id\":\"https:\/\/judoclubsambreville.be\/index.php\/roi\/#breadcrumb\"},\"inLanguage\":\"fr-FR\",\"potentialAction\":[{\"@type\":\"ReadAction\",\"target\":[\"https:\/\/judoclubsambreville.be\/index.php\/roi\/\"]}]},{\"@type\":\"BreadcrumbList\",\"@id\":\"https:\/\/judoclubsambreville.be\/index.php\/roi\/#breadcrumb\",\"itemListElement\":[{\"@type\":\"ListItem\",\"position\":1,\"name\":\"Accueil\",\"item\":\"https:\/\/judoclubsambreville.be\/\"},{\"@type\":\"ListItem\",\"position\":2,\"name\":\"ROI\"}]},{\"@type\":\"WebSite\",\"@id\":\"https:\/\/judoclubsambreville.be\/#website\",\"url\":\"https:\/\/judoclubsambreville.be\/\",\"name\":\"Judo Club Sambreville\",\"description\":\"Un club pour toute la famille\",\"potentialAction\":[{\"@type\":\"SearchAction\",\"target\":{\"@type\":\"EntryPoint\",\"urlTemplate\":\"https:\/\/judoclubsambreville.be\/?s={search_term_string}\"},\"query-input\":{\"@type\":\"PropertyValueSpecification\",\"valueRequired\":true,\"valueName\":\"search_term_string\"}}],\"inLanguage\":\"fr-FR\"}]}<\/script>\n<!-- \/ Yoast SEO plugin. -->","yoast_head_json":{"title":"ROI - Judo Club Sambreville","robots":{"index":"index","follow":"follow","max-snippet":"max-snippet:-1","max-image-preview":"max-image-preview:large","max-video-preview":"max-video-preview:-1"},"canonical":"https:\/\/judoclubsambreville.be\/index.php\/roi\/","og_locale":"fr_FR","og_type":"article","og_title":"ROI - Judo Club Sambreville","og_description":"REGLEMENT D\u2019ORDRE INTERIEUR G\u00e9n\u00e9ralit\u00e9s Art. 1 L\u2019association se nomme \u00ab judo club Sambreville ASBL\u00a0\u00bb Art.2 Le nom et le logo","og_url":"https:\/\/judoclubsambreville.be\/index.php\/roi\/","og_site_name":"Judo Club Sambreville","article_modified_time":"2024-01-09T19:20:42+00:00","twitter_card":"summary_large_image","twitter_misc":{"Dur\u00e9e de lecture estim\u00e9e":"10 minutes"},"schema":{"@context":"https:\/\/schema.org","@graph":[{"@type":"WebPage","@id":"https:\/\/judoclubsambreville.be\/index.php\/roi\/","url":"https:\/\/judoclubsambreville.be\/index.php\/roi\/","name":"ROI - Judo Club Sambreville","isPartOf":{"@id":"https:\/\/judoclubsambreville.be\/#website"},"datePublished":"2024-01-09T19:20:26+00:00","dateModified":"2024-01-09T19:20:42+00:00","breadcrumb":{"@id":"https:\/\/judoclubsambreville.be\/index.php\/roi\/#breadcrumb"},"inLanguage":"fr-FR","potentialAction":[{"@type":"ReadAction","target":["https:\/\/judoclubsambreville.be\/index.php\/roi\/"]}]},{"@type":"BreadcrumbList","@id":"https:\/\/judoclubsambreville.be\/index.php\/roi\/#breadcrumb","itemListElement":[{"@type":"ListItem","position":1,"name":"Accueil","item":"https:\/\/judoclubsambreville.be\/"},{"@type":"ListItem","position":2,"name":"ROI"}]},{"@type":"WebSite","@id":"https:\/\/judoclubsambreville.be\/#website","url":"https:\/\/judoclubsambreville.be\/","name":"Judo Club Sambreville","description":"Un club pour toute la famille","potentialAction":[{"@type":"SearchAction","target":{"@type":"EntryPoint","urlTemplate":"https:\/\/judoclubsambreville.be\/?s={search_term_string}"},"query-input":{"@type":"PropertyValueSpecification","valueRequired":true,"valueName":"search_term_string"}}],"inLanguage":"fr-FR"}]}},"_links":{"self":[{"href":"https:\/\/judoclubsambreville.be\/index.php\/wp-json\/wp\/v2\/pages\/2210","targetHints":{"allow":["GET"]}}],"collection":[{"href":"https:\/\/judoclubsambreville.be\/index.php\/wp-json\/wp\/v2\/pages"}],"about":[{"href":"https:\/\/judoclubsambreville.be\/index.php\/wp-json\/wp\/v2\/types\/page"}],"author":[{"embeddable":true,"href":"https:\/\/judoclubsambreville.be\/index.php\/wp-json\/wp\/v2\/users\/1"}],"replies":[{"embeddable":true,"href":"https:\/\/judoclubsambreville.be\/index.php\/wp-json\/wp\/v2\/comments?post=2210"}],"version-history":[{"count":1,"href":"https:\/\/judoclubsambreville.be\/index.php\/wp-json\/wp\/v2\/pages\/2210\/revisions"}],"predecessor-version":[{"id":2211,"href":"https:\/\/judoclubsambreville.be\/index.php\/wp-json\/wp\/v2\/pages\/2210\/revisions\/2211"}],"wp:attachment":[{"href":"https:\/\/judoclubsambreville.be\/index.php\/wp-json\/wp\/v2\/media?parent=2210"}],"curies":[{"name":"wp","href":"https:\/\/api.w.org\/{rel}","templated":true}]}}