{"id":2477,"date":"2025-03-02T13:15:41","date_gmt":"2025-03-02T12:15:41","guid":{"rendered":"https:\/\/judoclubsambreville.be\/?page_id=2477"},"modified":"2025-03-02T20:09:56","modified_gmt":"2025-03-02T19:09:56","slug":"les-resultats","status":"publish","type":"page","link":"https:\/\/judoclubsambreville.be\/index.php\/les-resultats\/","title":{"rendered":"Les r\u00e9sultats"},"content":{"rendered":"<p>Pour une meilleure lisibilit\u00e9 sur mobile, vous pouvez retrouver <a href=\"https:\/\/judoclubsambreville.be\/wp-content\/uploads\/2025\/03\/OpenSv2025_Classement-U15-U18.xlsx\" target=\"_blank\">les r\u00e9sultats complets ici<\/a>.<\/p>\n\n<table id=\"tablepress-21\" class=\"tablepress tablepress-id-21\">\n<thead>\n<tr class=\"row-1\">\n\t<th class=\"column-1\">U15<\/th><th class=\"column-2\">Gar\u00e7ons<\/th><th class=\"column-3\">1<\/th><td class=\"column-4\"><\/td><th class=\"column-5\">2<\/th><td class=\"column-6\"><\/td><th class=\"column-7\">3<\/th><td class=\"column-8\"><\/td><th class=\"column-9\">3<\/th><td class=\"column-10\"><\/td>\n<\/tr>\n<\/thead>\n<tbody class=\"row-striping row-hover\">\n<tr class=\"row-2\">\n\t<td class=\"column-1\"><\/td><td class=\"column-2\">34<\/td><td class=\"column-3\">Collignon Mat\u00e9o<\/td><td class=\"column-4\">Sambreville-BEL<\/td><td class=\"column-5\">Bernabo Tiego<\/td><td class=\"column-6\">Makalou-BEL<\/td><td class=\"column-7\">Mercier Liam<\/td><td class=\"column-8\">Solvay-BEL<\/td><td class=\"column-9\"><\/td><td class=\"column-10\"><\/td>\n<\/tr>\n<tr class=\"row-3\">\n\t<td class=\"column-1\"><\/td><td class=\"column-2\">38<\/td><td class=\"column-3\">Morrreale Ethan<\/td><td class=\"column-4\">Dojo Li\u00e9geois-BEL<\/td><td class=\"column-5\">Amezian Anas<\/td><td class=\"column-6\">Neko-BEL<\/td><td class=\"column-7\">Khadjimouradov Elias<\/td><td class=\"column-8\">Gishi-BEL<\/td><td class=\"column-9\">Lichtken Maxence<\/td><td class=\"column-10\">Fagnes-BEL<\/td>\n<\/tr>\n<tr class=\"row-4\">\n\t<td class=\"column-1\"><\/td><td class=\"column-2\">42<\/td><td class=\"column-3\">Terloev Movsar<\/td><td class=\"column-4\">Andrimont-BEL<\/td><td class=\"column-5\">Selymes Tommy<\/td><td class=\"column-6\">Sprimont-BEL<\/td><td class=\"column-7\">Lahouaoula Ismael<\/td><td class=\"column-8\">MSMarchienne-BEL<\/td><td class=\"column-9\">Sadiku Albin<\/td><td class=\"column-10\">Dilsen-BEL<\/td>\n<\/tr>\n<tr class=\"row-5\">\n\t<td class=\"column-1\"><\/td><td class=\"column-2\">46<\/td><td class=\"column-3\">Demarquette Noa<\/td><td class=\"column-4\">Top Niveau-BEL<\/td><td class=\"column-5\">Ver Eyken Gabriel<\/td><td class=\"column-6\">Vis\u00e9-BEL<\/td><td class=\"column-7\">Wathelet Timo\u00e9<\/td><td class=\"column-8\">Sprimont-BEL<\/td><td class=\"column-9\">Mulligan Arthur<\/td><td class=\"column-10\">Thorembais-BEL<\/td>\n<\/tr>\n<tr class=\"row-6\">\n\t<td class=\"column-1\"><\/td><td class=\"column-2\">50<\/td><td class=\"column-3\">Boudesocque L\u00e9lio<\/td><td class=\"column-4\">Kanido Herseux-BEL<\/td><td class=\"column-5\">Bouvier lucien<\/td><td class=\"column-6\">Sambreville-BEL<\/td><td class=\"column-7\">Rybanets Nikita<\/td><td class=\"column-8\">Sambreville -BEL<\/td><td class=\"column-9\">Scharfe Gabriel<\/td><td class=\"column-10\">FLLUX<\/td>\n<\/tr>\n<tr class=\"row-7\">\n\t<td class=\"column-1\"><\/td><td class=\"column-2\">55<\/td><td class=\"column-3\">Delplanque Alessio<\/td><td class=\"column-4\">Mons-BEL<\/td><td class=\"column-5\">Sterckx Samuel<\/td><td class=\"column-6\">Auderghem-BEL<\/td><td class=\"column-7\">Cirpaci Selomon<\/td><td class=\"column-8\">Sprimont-BEL<\/td><td class=\"column-9\">Koma Trystan<\/td><td class=\"column-10\">AJ59-FRA<\/td>\n<\/tr>\n<tr class=\"row-8\">\n\t<td class=\"column-1\"><\/td><td class=\"column-2\">60<\/td><td class=\"column-3\">El Khalfi Illyas<\/td><td class=\"column-4\">Rebecq-BEL<\/td><td class=\"column-5\">Zender Achille<\/td><td class=\"column-6\">MJEP-LUX<\/td><td class=\"column-7\">Pfaff Daylano<\/td><td class=\"column-8\">Hoegaarden-BEL<\/td><td class=\"column-9\">Orban Yolan<\/td><td class=\"column-10\">Salm-BEL<\/td>\n<\/tr>\n<tr class=\"row-9\">\n\t<td class=\"column-1\"><\/td><td class=\"column-2\">66<\/td><td class=\"column-3\">Chakhmandarov Adis<\/td><td class=\"column-4\">Sambreville-BEL<\/td><td class=\"column-5\">Sorriaux Michael<\/td><td class=\"column-6\">ATJ-FRA<\/td><td class=\"column-7\">Khatchikyan Vah\u00e9<\/td><td class=\"column-8\">Mons-BEL<\/td><td class=\"column-9\">Lambiliotte Erwan<\/td><td class=\"column-10\">Gishi-BEL<\/td>\n<\/tr>\n<tr class=\"row-10\">\n\t<td class=\"column-1\"><\/td><td class=\"column-2\">plus 66<\/td><td class=\"column-3\">Nono Bryan Junior<\/td><td class=\"column-4\">Differdange-LUX<\/td><td class=\"column-5\">Dascotte Noa<\/td><td class=\"column-6\">Binche-BEL<\/td><td class=\"column-7\">El Moncef Yassin<\/td><td class=\"column-8\">AJ59-FRA<\/td><td class=\"column-9\">Borrey Lo\u00efc<\/td><td class=\"column-10\">Sirault-BEL<\/td>\n<\/tr>\n<tr class=\"row-11\">\n\t<td class=\"column-1\"><\/td><td class=\"column-2\"><\/td><td class=\"column-3\"><\/td><td class=\"column-4\"><\/td><td class=\"column-5\"><\/td><td class=\"column-6\"><\/td><td class=\"column-7\"><\/td><td class=\"column-8\"><\/td><td class=\"column-9\"><\/td><td class=\"column-10\"><\/td>\n<\/tr>\n<tr class=\"row-12\">\n\t<td class=\"column-1\"><\/td><td class=\"column-2\">Filles<\/td><td class=\"column-3\"><\/td><td class=\"column-4\"><\/td><td class=\"column-5\"><\/td><td class=\"column-6\"><\/td><td class=\"column-7\"><\/td><td class=\"column-8\"><\/td><td class=\"column-9\"><\/td><td class=\"column-10\"><\/td>\n<\/tr>\n<tr class=\"row-13\">\n\t<td class=\"column-1\"><\/td><td class=\"column-2\">32<\/td><td class=\"column-3\">Sridi Sabrine<\/td><td class=\"column-4\">Andrimont-BEL<\/td><td class=\"column-5\">Mouassi Soukaina<\/td><td class=\"column-6\">Mons-BEL<\/td><td class=\"column-7\"><\/td><td class=\"column-8\"><\/td><td class=\"column-9\"><\/td><td class=\"column-10\"><\/td>\n<\/tr>\n<tr class=\"row-14\">\n\t<td class=\"column-1\"><\/td><td class=\"column-2\">36<\/td><td class=\"column-3\">Driessens Ad\u00e8le<\/td><td class=\"column-4\">Sprimont-BEL<\/td><td class=\"column-5\">De Miranda Louna<\/td><td class=\"column-6\">MJEP-LUX<\/td><td class=\"column-7\"><\/td><td class=\"column-8\"><\/td><td class=\"column-9\"><\/td><td class=\"column-10\"><\/td>\n<\/tr>\n<tr class=\"row-15\">\n\t<td class=\"column-1\"><\/td><td class=\"column-2\">40<\/td><td class=\"column-3\">G\u00e9rard Emma<\/td><td class=\"column-4\">Arlon-BEL<\/td><td class=\"column-5\">Hisette Nell<\/td><td class=\"column-6\">Gaumais-BEL<\/td><td class=\"column-7\">Blackman L\u00e9a<\/td><td class=\"column-8\">La Hulpe-BEL<\/td><td class=\"column-9\">El Boujdaini Nour<\/td><td class=\"column-10\">Neko-BEL<\/td>\n<\/tr>\n<tr class=\"row-16\">\n\t<td class=\"column-1\"><\/td><td class=\"column-2\">44<\/td><td class=\"column-3\">Raquet Lina<\/td><td class=\"column-4\">Kanido Herseaux-BEL<\/td><td class=\"column-5\">Laghmich Yasmine<\/td><td class=\"column-6\">Neko-BEL<\/td><td class=\"column-7\">Ameri Eleonore<\/td><td class=\"column-8\">Wellin-BEL<\/td><td class=\"column-9\">Ferreira Mathilde<\/td><td class=\"column-10\">FLLUX<\/td>\n<\/tr>\n<tr class=\"row-17\">\n\t<td class=\"column-1\"><\/td><td class=\"column-2\">48<\/td><td class=\"column-3\">Moreira Soukayna<\/td><td class=\"column-4\">FLJLUX<\/td><td class=\"column-5\">Jacob Romane<\/td><td class=\"column-6\">Grez Doiceau-BEL<\/td><td class=\"column-7\">Delhaye Maelys<\/td><td class=\"column-8\">Marche-BEL<\/td><td class=\"column-9\">Bagouin Anaelle<\/td><td class=\"column-10\">ATJ-FRA<\/td>\n<\/tr>\n<tr class=\"row-18\">\n\t<td class=\"column-1\"><\/td><td class=\"column-2\">52<\/td><td class=\"column-3\">Derrey Lilas<\/td><td class=\"column-4\">Ban St Martin-FRA<\/td><td class=\"column-5\">Benfriha Sirine<\/td><td class=\"column-6\">Dojo Li\u00e9geois-BEL<\/td><td class=\"column-7\">Besson Elise<\/td><td class=\"column-8\">Fagnes-BEL<\/td><td class=\"column-9\">Dalcq Emma<\/td><td class=\"column-10\">Jodoigne-BEL<\/td>\n<\/tr>\n<tr class=\"row-19\">\n\t<td class=\"column-1\"><\/td><td class=\"column-2\">57<\/td><td class=\"column-3\">Zaharashueva Hanifa<\/td><td class=\"column-4\">Colfontaine-BEL<\/td><td class=\"column-5\">Bouton Lily<\/td><td class=\"column-6\">Barlin-FRA<\/td><td class=\"column-7\">Jandrain Juliette<\/td><td class=\"column-8\">St Denis-Bel<\/td><td class=\"column-9\">Van Der Wal Lieke<\/td><td class=\"column-10\">Talen Base-NED<\/td>\n<\/tr>\n<tr class=\"row-20\">\n\t<td class=\"column-1\"><\/td><td class=\"column-2\">63<\/td><td class=\"column-3\">Lauwens Tullia<\/td><td class=\"column-4\">Floreffe-BEL<\/td><td class=\"column-5\">Descamps Chlo\u00e9<\/td><td class=\"column-6\">Binche-BEL<\/td><td class=\"column-7\">Gasperini Maryon<\/td><td class=\"column-8\">Sambreville-BEL<\/td><td class=\"column-9\">Caymaz Anissa<\/td><td class=\"column-10\">Neupr\u00e9-BEL<\/td>\n<\/tr>\n<tr class=\"row-21\">\n\t<td class=\"column-1\"><\/td><td class=\"column-2\">plus 63<\/td><td class=\"column-3\">Benjamia Cam\u00e9lia<\/td><td class=\"column-4\">Andrimont-BEL<\/td><td class=\"column-5\">Debergh Auxane<\/td><td class=\"column-6\">Gorcy-FRA<\/td><td class=\"column-7\">Baysurkaeva Tamila<\/td><td class=\"column-8\">Dojo Li\u00e9geois-BEL<\/td><td class=\"column-9\">Robert Lou<\/td><td class=\"column-10\">Bazeilles-FRA<\/td>\n<\/tr>\n<tr class=\"row-22\">\n\t<td class=\"column-1\">U18<\/td><td class=\"column-2\">Filles<\/td><td class=\"column-3\"><\/td><td class=\"column-4\"><\/td><td class=\"column-5\"><\/td><td class=\"column-6\"><\/td><td class=\"column-7\"><\/td><td class=\"column-8\"><\/td><td class=\"column-9\"><\/td><td class=\"column-10\"><\/td>\n<\/tr>\n<tr class=\"row-23\">\n\t<td class=\"column-1\"><\/td><td class=\"column-2\">44<\/td><td class=\"column-3\">Oulcaid Soraya<\/td><td class=\"column-4\">Ransart-BEL<\/td><td class=\"column-5\">Oulcaid Youssra<\/td><td class=\"column-6\">Ransart-BEL<\/td><td class=\"column-7\">Collard Aline<\/td><td class=\"column-8\">Ippon Braine-BEL<\/td><td class=\"column-9\"><\/td><td class=\"column-10\"><\/td>\n<\/tr>\n<tr class=\"row-24\">\n\t<td class=\"column-1\"><\/td><td class=\"column-2\">48<\/td><td class=\"column-3\">Azzalin Giulia<\/td><td class=\"column-4\">Dojo Li\u00e9geois-BEL<\/td><td class=\"column-5\">Conrath Sheyna<\/td><td class=\"column-6\">Andrimont-BEL<\/td><td class=\"column-7\">Pattacini Alicia<\/td><td class=\"column-8\">Dojo Li\u00e9geois-BEL<\/td><td class=\"column-9\">Jacques Lenaick<\/td><td class=\"column-10\">R Ardennes-BEL<\/td>\n<\/tr>\n<tr class=\"row-25\">\n\t<td class=\"column-1\"><\/td><td class=\"column-2\">52<\/td><td class=\"column-3\">Balosetti Carla<\/td><td class=\"column-4\">Neupr\u00e9-BEL<\/td><td class=\"column-5\">Dheur Anaelle<\/td><td class=\"column-6\">Dojo Liegeois-BEL<\/td><td class=\"column-7\">Heistek Valerie<\/td><td class=\"column-8\">Talen Base-NED<\/td><td class=\"column-9\">Herman Rachel<\/td><td class=\"column-10\">Kanido Herseaux-BEL<\/td>\n<\/tr>\n<tr class=\"row-26\">\n\t<td class=\"column-1\"><\/td><td class=\"column-2\">57<\/td><td class=\"column-3\">Plateau Justine<\/td><td class=\"column-4\">ATJ-FRA<\/td><td class=\"column-5\">Kouevi Annah<\/td><td class=\"column-6\">Sombreffe-BEL<\/td><td class=\"column-7\">Couque Manon<\/td><td class=\"column-8\">FLJ-LUX<\/td><td class=\"column-9\">Rafia Kahdija<\/td><td class=\"column-10\">Neko-BEL<\/td>\n<\/tr>\n<tr class=\"row-27\">\n\t<td class=\"column-1\"><\/td><td class=\"column-2\">63<\/td><td class=\"column-3\">Miri Yasmyne<\/td><td class=\"column-4\">Budo Brx<\/td><td class=\"column-5\">Arnould Aurore<\/td><td class=\"column-6\">Tenneville-BEL<\/td><td class=\"column-7\">Sow Hawa<\/td><td class=\"column-8\">AJ59-FRA<\/td><td class=\"column-9\">Mensik Janine<\/td><td class=\"column-10\">Talen Base-NED<\/td>\n<\/tr>\n<tr class=\"row-28\">\n\t<td class=\"column-1\"><\/td><td class=\"column-2\">70<\/td><td class=\"column-3\">Tombou Valerie<\/td><td class=\"column-4\">2 Haine-BEL<\/td><td class=\"column-5\">Meulepas Sarah<\/td><td class=\"column-6\">Mons-Bel<\/td><td class=\"column-7\">Delhauwe Ellie<\/td><td class=\"column-8\">Sakura Braine-BEL<\/td><td class=\"column-9\"><\/td><td class=\"column-10\"><\/td>\n<\/tr>\n<tr class=\"row-29\">\n\t<td class=\"column-1\"><\/td><td class=\"column-2\">plus 70<\/td><td class=\"column-3\">Sorriaux Emma<\/td><td class=\"column-4\">ATJ-FRA<\/td><td class=\"column-5\">Montigny Maelys<\/td><td class=\"column-6\">Aiseau-BEL<\/td><td class=\"column-7\"><\/td><td class=\"column-8\"><\/td><td class=\"column-9\"><\/td><td class=\"column-10\"><\/td>\n<\/tr>\n<tr class=\"row-30\">\n\t<td class=\"column-1\"><\/td><td class=\"column-2\">Gar\u00e7ons<\/td><td class=\"column-3\"><\/td><td class=\"column-4\"><\/td><td class=\"column-5\"><\/td><td class=\"column-6\"><\/td><td class=\"column-7\"><\/td><td class=\"column-8\"><\/td><td class=\"column-9\"><\/td><td class=\"column-10\"><\/td>\n<\/tr>\n<tr class=\"row-31\">\n\t<td class=\"column-1\"><\/td><td class=\"column-2\">46<\/td><td class=\"column-3\">Mussche Alexandre<\/td><td class=\"column-4\">Sakura Braine-BEL<\/td><td class=\"column-5\">Devitt Adrien<\/td><td class=\"column-6\">FLJ-LUX<\/td><td class=\"column-7\">Garcia Mendoza Gonzalo<\/td><td class=\"column-8\">Ippon Braine-BEL<\/td><td class=\"column-9\">Saba Nicolas<\/td><td class=\"column-10\">Sambreville-BEL<\/td>\n<\/tr>\n<tr class=\"row-32\">\n\t<td class=\"column-1\"><\/td><td class=\"column-2\">50<\/td><td class=\"column-3\">Kulbuzhev Ruslan<\/td><td class=\"column-4\">Dojo Li\u00e9geois-BEL<\/td><td class=\"column-5\">Galoche Maxime<\/td><td class=\"column-6\">Fagnes-BEL<\/td><td class=\"column-7\">Lefebvre Tom<\/td><td class=\"column-8\">Al Masni\u00e8re-FRA<\/td><td class=\"column-9\">Beaumeker Nathan<\/td><td class=\"column-10\">Andrimont-BEL<\/td>\n<\/tr>\n<tr class=\"row-33\">\n\t<td class=\"column-1\"><\/td><td class=\"column-2\">55<\/td><td class=\"column-3\">Oulcaid Anass<\/td><td class=\"column-4\">Ransart-BEL<\/td><td class=\"column-5\">Kumykov Aslan<\/td><td class=\"column-6\">Mons-BEL<\/td><td class=\"column-7\">Cordier J\u00e9r\u00e9my<\/td><td class=\"column-8\">MSMarchienne-BEL <\/td><td class=\"column-9\">Henckaerts Toon<\/td><td class=\"column-10\">Mortsel-BEL<\/td>\n<\/tr>\n<tr class=\"row-34\">\n\t<td class=\"column-1\"><\/td><td class=\"column-2\">60<\/td><td class=\"column-3\">Van Issim Lucas<\/td><td class=\"column-4\">Dilsen-BEL<\/td><td class=\"column-5\">Ngansini syrano<\/td><td class=\"column-6\">Trefle n\u00b01-BEL<\/td><td class=\"column-7\">Caputo Tizio<\/td><td class=\"column-8\">Sambreville-BEL<\/td><td class=\"column-9\">Konovalov Andrey<\/td><td class=\"column-10\">Mortsel-BEL<\/td>\n<\/tr>\n<tr class=\"row-35\">\n\t<td class=\"column-1\"><\/td><td class=\"column-2\">66<\/td><td class=\"column-3\">D'hondt Achille<\/td><td class=\"column-4\">Top Niveau Tournai-BEL<\/td><td class=\"column-5\">Vandemaele Mats<\/td><td class=\"column-6\">Brugge-BEL<\/td><td class=\"column-7\">Dubuc Alexis<\/td><td class=\"column-8\">Fagnes-BEL<\/td><td class=\"column-9\">Buwalda Riemer<\/td><td class=\"column-10\">Talent Base-NED<\/td>\n<\/tr>\n<tr class=\"row-36\">\n\t<td class=\"column-1\"><\/td><td class=\"column-2\">73<\/td><td class=\"column-3\">Boubier Fabien<\/td><td class=\"column-4\">Sambreville-BEL<\/td><td class=\"column-5\">Anckert Tim\u00e9o<\/td><td class=\"column-6\">Kano tournai-BEL<\/td><td class=\"column-7\">Verschaeren Tristan<\/td><td class=\"column-8\">Mortsel-BEL<\/td><td class=\"column-9\">Maury Ethan<\/td><td class=\"column-10\">Neupr\u00e9-BEL<\/td>\n<\/tr>\n<tr class=\"row-37\">\n\t<td class=\"column-1\"><\/td><td class=\"column-2\">81<\/td><td class=\"column-3\">Wislet Pierrick<\/td><td class=\"column-4\">Dojo Li\u00e9geois-BEL<\/td><td class=\"column-5\">Schadron Jurjen<\/td><td class=\"column-6\">Talent Base-NED<\/td><td class=\"column-7\">Akon No\u00e9<\/td><td class=\"column-8\">Pos\u00e9idon-BEL<\/td><td class=\"column-9\">Christiaens Remi<\/td><td class=\"column-10\">Kanido Herseaux-BEL<\/td>\n<\/tr>\n<tr class=\"row-38\">\n\t<td class=\"column-1\"><\/td><td class=\"column-2\">90<\/td><td class=\"column-3\">Konoplyanyk Nikolay<\/td><td class=\"column-4\">Kano Tournai-BEL<\/td><td class=\"column-5\">Boudzkahan Mohamed<\/td><td class=\"column-6\">Neko-BEL<\/td><td class=\"column-7\">Nunes Math\u00e9o<\/td><td class=\"column-8\">Solvay-BEL<\/td><td class=\"column-9\">Pottelet Tom<\/td><td class=\"column-10\">Top niveau Tournai-BEL<\/td>\n<\/tr>\n<tr class=\"row-39\">\n\t<td class=\"column-1\"><\/td><td class=\"column-2\">Plus 90<\/td><td class=\"column-3\">Bottin Th\u00e9o<\/td><td class=\"column-4\">Barlin-FRA<\/td><td class=\"column-5\">Heymans Henri<\/td><td class=\"column-6\">Sakura Braine-BEL<\/td><td class=\"column-7\"><\/td><td class=\"column-8\"><\/td><td class=\"column-9\"><\/td><td class=\"column-10\"><\/td>\n<\/tr>\n<\/tbody>\n<\/table>\n<!-- #tablepress-21 from cache -->\n<p>&nbsp;<\/p>\n","protected":false},"excerpt":{"rendered":"<p>Pour une meilleure lisibilit\u00e9 sur mobile, vous pouvez retrouver les r\u00e9sultats complets ici. &nbsp;<\/p>\n","protected":false},"author":1,"featured_media":0,"parent":0,"menu_order":0,"comment_status":"closed","ping_status":"closed","template":"","meta":{"colormag_page_container_layout":"no_sidebar_full_width","colormag_page_sidebar_layout":"no_sidebar","footnotes":""},"class_list":["post-2477","page","type-page","status-publish","hentry"],"yoast_head":"<!-- This site is optimized with the Yoast SEO plugin v27.2 - https:\/\/yoast.com\/product\/yoast-seo-wordpress\/ -->\n<title>Les r\u00e9sultats - Judo Club Sambreville<\/title>\n<meta name=\"robots\" content=\"index, follow, max-snippet:-1, max-image-preview:large, max-video-preview:-1\" \/>\n<link rel=\"canonical\" href=\"https:\/\/judoclubsambreville.be\/index.php\/les-resultats\/\" \/>\n<meta property=\"og:locale\" content=\"fr_FR\" \/>\n<meta property=\"og:type\" content=\"article\" \/>\n<meta property=\"og:title\" content=\"Les r\u00e9sultats - Judo Club Sambreville\" \/>\n<meta property=\"og:description\" content=\"Pour une meilleure lisibilit\u00e9 sur mobile, vous pouvez retrouver les r\u00e9sultats complets ici. &nbsp;\" \/>\n<meta property=\"og:url\" content=\"https:\/\/judoclubsambreville.be\/index.php\/les-resultats\/\" \/>\n<meta property=\"og:site_name\" content=\"Judo Club Sambreville\" \/>\n<meta property=\"article:modified_time\" content=\"2025-03-02T19:09:56+00:00\" \/>\n<meta name=\"twitter:card\" content=\"summary_large_image\" \/>\n<script type=\"application\/ld+json\" class=\"yoast-schema-graph\">{\"@context\":\"https:\/\/schema.org\",\"@graph\":[{\"@type\":\"WebPage\",\"@id\":\"https:\/\/judoclubsambreville.be\/index.php\/les-resultats\/\",\"url\":\"https:\/\/judoclubsambreville.be\/index.php\/les-resultats\/\",\"name\":\"Les r\u00e9sultats - Judo Club Sambreville\",\"isPartOf\":{\"@id\":\"https:\/\/judoclubsambreville.be\/#website\"},\"datePublished\":\"2025-03-02T12:15:41+00:00\",\"dateModified\":\"2025-03-02T19:09:56+00:00\",\"breadcrumb\":{\"@id\":\"https:\/\/judoclubsambreville.be\/index.php\/les-resultats\/#breadcrumb\"},\"inLanguage\":\"fr-FR\",\"potentialAction\":[{\"@type\":\"ReadAction\",\"target\":[\"https:\/\/judoclubsambreville.be\/index.php\/les-resultats\/\"]}]},{\"@type\":\"BreadcrumbList\",\"@id\":\"https:\/\/judoclubsambreville.be\/index.php\/les-resultats\/#breadcrumb\",\"itemListElement\":[{\"@type\":\"ListItem\",\"position\":1,\"name\":\"Accueil\",\"item\":\"https:\/\/judoclubsambreville.be\/\"},{\"@type\":\"ListItem\",\"position\":2,\"name\":\"Les r\u00e9sultats\"}]},{\"@type\":\"WebSite\",\"@id\":\"https:\/\/judoclubsambreville.be\/#website\",\"url\":\"https:\/\/judoclubsambreville.be\/\",\"name\":\"Judo Club Sambreville\",\"description\":\"Un club pour toute la famille\",\"potentialAction\":[{\"@type\":\"SearchAction\",\"target\":{\"@type\":\"EntryPoint\",\"urlTemplate\":\"https:\/\/judoclubsambreville.be\/?s={search_term_string}\"},\"query-input\":{\"@type\":\"PropertyValueSpecification\",\"valueRequired\":true,\"valueName\":\"search_term_string\"}}],\"inLanguage\":\"fr-FR\"}]}<\/script>\n<!-- \/ Yoast SEO plugin. -->","yoast_head_json":{"title":"Les r\u00e9sultats - Judo Club Sambreville","robots":{"index":"index","follow":"follow","max-snippet":"max-snippet:-1","max-image-preview":"max-image-preview:large","max-video-preview":"max-video-preview:-1"},"canonical":"https:\/\/judoclubsambreville.be\/index.php\/les-resultats\/","og_locale":"fr_FR","og_type":"article","og_title":"Les r\u00e9sultats - Judo Club Sambreville","og_description":"Pour une meilleure lisibilit\u00e9 sur mobile, vous pouvez retrouver les r\u00e9sultats complets ici. &nbsp;","og_url":"https:\/\/judoclubsambreville.be\/index.php\/les-resultats\/","og_site_name":"Judo Club Sambreville","article_modified_time":"2025-03-02T19:09:56+00:00","twitter_card":"summary_large_image","schema":{"@context":"https:\/\/schema.org","@graph":[{"@type":"WebPage","@id":"https:\/\/judoclubsambreville.be\/index.php\/les-resultats\/","url":"https:\/\/judoclubsambreville.be\/index.php\/les-resultats\/","name":"Les r\u00e9sultats - Judo Club Sambreville","isPartOf":{"@id":"https:\/\/judoclubsambreville.be\/#website"},"datePublished":"2025-03-02T12:15:41+00:00","dateModified":"2025-03-02T19:09:56+00:00","breadcrumb":{"@id":"https:\/\/judoclubsambreville.be\/index.php\/les-resultats\/#breadcrumb"},"inLanguage":"fr-FR","potentialAction":[{"@type":"ReadAction","target":["https:\/\/judoclubsambreville.be\/index.php\/les-resultats\/"]}]},{"@type":"BreadcrumbList","@id":"https:\/\/judoclubsambreville.be\/index.php\/les-resultats\/#breadcrumb","itemListElement":[{"@type":"ListItem","position":1,"name":"Accueil","item":"https:\/\/judoclubsambreville.be\/"},{"@type":"ListItem","position":2,"name":"Les r\u00e9sultats"}]},{"@type":"WebSite","@id":"https:\/\/judoclubsambreville.be\/#website","url":"https:\/\/judoclubsambreville.be\/","name":"Judo Club Sambreville","description":"Un club pour toute la famille","potentialAction":[{"@type":"SearchAction","target":{"@type":"EntryPoint","urlTemplate":"https:\/\/judoclubsambreville.be\/?s={search_term_string}"},"query-input":{"@type":"PropertyValueSpecification","valueRequired":true,"valueName":"search_term_string"}}],"inLanguage":"fr-FR"}]}},"_links":{"self":[{"href":"https:\/\/judoclubsambreville.be\/index.php\/wp-json\/wp\/v2\/pages\/2477","targetHints":{"allow":["GET"]}}],"collection":[{"href":"https:\/\/judoclubsambreville.be\/index.php\/wp-json\/wp\/v2\/pages"}],"about":[{"href":"https:\/\/judoclubsambreville.be\/index.php\/wp-json\/wp\/v2\/types\/page"}],"author":[{"embeddable":true,"href":"https:\/\/judoclubsambreville.be\/index.php\/wp-json\/wp\/v2\/users\/1"}],"replies":[{"embeddable":true,"href":"https:\/\/judoclubsambreville.be\/index.php\/wp-json\/wp\/v2\/comments?post=2477"}],"version-history":[{"count":10,"href":"https:\/\/judoclubsambreville.be\/index.php\/wp-json\/wp\/v2\/pages\/2477\/revisions"}],"predecessor-version":[{"id":2490,"href":"https:\/\/judoclubsambreville.be\/index.php\/wp-json\/wp\/v2\/pages\/2477\/revisions\/2490"}],"wp:attachment":[{"href":"https:\/\/judoclubsambreville.be\/index.php\/wp-json\/wp\/v2\/media?parent=2477"}],"curies":[{"name":"wp","href":"https:\/\/api.w.org\/{rel}","templated":true}]}}