{"id":2534,"date":"2025-07-22T21:25:33","date_gmt":"2025-07-22T20:25:33","guid":{"rendered":"https:\/\/judoclubsambreville.be\/?page_id=2534"},"modified":"2025-07-22T22:44:49","modified_gmt":"2025-07-22T21:44:49","slug":"lactu-du-club","status":"publish","type":"page","link":"https:\/\/judoclubsambreville.be\/index.php\/lactu-du-club\/","title":{"rendered":"M\u00e9dias"},"content":{"rendered":"\n<p><a href=\"https:\/\/www.rtbf.be\/article\/euro-judo-gabrielle-bouvier-dans-la-cour-des-grandes-11534715\">Euro Judo : Gabrielle Bouvier, dans la cour des grandes<\/a>, Article RTBF (avril 2025)<\/p>\n\n\n\n<p><a href=\"https:\/\/www.bouke.media\/sport\/marielle-et-gabrielle-bouvier-portrait-croise-de-deux-soeurs-qui-dominent-le-judo-belge\/15689\">Marielle et Gabrielle Bouvier, portrait crois\u00e9 de deux soeurs qui dominent le judo belge<\/a>, Reportage Bouk\u00e9 m\u00e9dia (d\u00e9cembre 2024)<\/p>\n\n\n\n<p><\/p>\n","protected":false},"excerpt":{"rendered":"<p>Euro Judo : Gabrielle Bouvier, dans la cour des grandes, Article RTBF (avril 2025) Marielle et Gabrielle Bouvier, portrait crois\u00e9<\/p>\n","protected":false},"author":1,"featured_media":0,"parent":0,"menu_order":0,"comment_status":"closed","ping_status":"closed","template":"","meta":{"colormag_page_container_layout":"no_sidebar_full_width","colormag_page_sidebar_layout":"no_sidebar","footnotes":""},"class_list":["post-2534","page","type-page","status-publish","hentry"],"yoast_head":"<!-- This site is optimized with the Yoast SEO plugin v27.2 - https:\/\/yoast.com\/product\/yoast-seo-wordpress\/ -->\n<title>M\u00e9dias - Judo Club Sambreville<\/title>\n<meta name=\"robots\" content=\"index, follow, max-snippet:-1, max-image-preview:large, max-video-preview:-1\" \/>\n<link rel=\"canonical\" href=\"https:\/\/judoclubsambreville.be\/index.php\/lactu-du-club\/\" \/>\n<meta property=\"og:locale\" content=\"fr_FR\" \/>\n<meta property=\"og:type\" content=\"article\" \/>\n<meta property=\"og:title\" content=\"M\u00e9dias - Judo Club Sambreville\" \/>\n<meta property=\"og:description\" content=\"Euro Judo : Gabrielle Bouvier, dans la cour des grandes, Article RTBF (avril 2025) Marielle et Gabrielle Bouvier, portrait crois\u00e9\" \/>\n<meta property=\"og:url\" content=\"https:\/\/judoclubsambreville.be\/index.php\/lactu-du-club\/\" \/>\n<meta property=\"og:site_name\" content=\"Judo Club Sambreville\" \/>\n<meta property=\"article:modified_time\" content=\"2025-07-22T21:44:49+00:00\" \/>\n<meta name=\"twitter:card\" content=\"summary_large_image\" \/>\n<meta name=\"twitter:label1\" content=\"Dur\u00e9e de lecture estim\u00e9e\" \/>\n\t<meta name=\"twitter:data1\" content=\"1 minute\" \/>\n<script type=\"application\/ld+json\" class=\"yoast-schema-graph\">{\"@context\":\"https:\/\/schema.org\",\"@graph\":[{\"@type\":\"WebPage\",\"@id\":\"https:\/\/judoclubsambreville.be\/index.php\/lactu-du-club\/\",\"url\":\"https:\/\/judoclubsambreville.be\/index.php\/lactu-du-club\/\",\"name\":\"M\u00e9dias - Judo Club Sambreville\",\"isPartOf\":{\"@id\":\"https:\/\/judoclubsambreville.be\/#website\"},\"datePublished\":\"2025-07-22T20:25:33+00:00\",\"dateModified\":\"2025-07-22T21:44:49+00:00\",\"breadcrumb\":{\"@id\":\"https:\/\/judoclubsambreville.be\/index.php\/lactu-du-club\/#breadcrumb\"},\"inLanguage\":\"fr-FR\",\"potentialAction\":[{\"@type\":\"ReadAction\",\"target\":[\"https:\/\/judoclubsambreville.be\/index.php\/lactu-du-club\/\"]}]},{\"@type\":\"BreadcrumbList\",\"@id\":\"https:\/\/judoclubsambreville.be\/index.php\/lactu-du-club\/#breadcrumb\",\"itemListElement\":[{\"@type\":\"ListItem\",\"position\":1,\"name\":\"Accueil\",\"item\":\"https:\/\/judoclubsambreville.be\/\"},{\"@type\":\"ListItem\",\"position\":2,\"name\":\"M\u00e9dias\"}]},{\"@type\":\"WebSite\",\"@id\":\"https:\/\/judoclubsambreville.be\/#website\",\"url\":\"https:\/\/judoclubsambreville.be\/\",\"name\":\"Judo Club Sambreville\",\"description\":\"Un club pour toute la famille\",\"potentialAction\":[{\"@type\":\"SearchAction\",\"target\":{\"@type\":\"EntryPoint\",\"urlTemplate\":\"https:\/\/judoclubsambreville.be\/?s={search_term_string}\"},\"query-input\":{\"@type\":\"PropertyValueSpecification\",\"valueRequired\":true,\"valueName\":\"search_term_string\"}}],\"inLanguage\":\"fr-FR\"}]}<\/script>\n<!-- \/ Yoast SEO plugin. -->","yoast_head_json":{"title":"M\u00e9dias - Judo Club Sambreville","robots":{"index":"index","follow":"follow","max-snippet":"max-snippet:-1","max-image-preview":"max-image-preview:large","max-video-preview":"max-video-preview:-1"},"canonical":"https:\/\/judoclubsambreville.be\/index.php\/lactu-du-club\/","og_locale":"fr_FR","og_type":"article","og_title":"M\u00e9dias - Judo Club Sambreville","og_description":"Euro Judo : Gabrielle Bouvier, dans la cour des grandes, Article RTBF (avril 2025) Marielle et Gabrielle Bouvier, portrait crois\u00e9","og_url":"https:\/\/judoclubsambreville.be\/index.php\/lactu-du-club\/","og_site_name":"Judo Club Sambreville","article_modified_time":"2025-07-22T21:44:49+00:00","twitter_card":"summary_large_image","twitter_misc":{"Dur\u00e9e de lecture estim\u00e9e":"1 minute"},"schema":{"@context":"https:\/\/schema.org","@graph":[{"@type":"WebPage","@id":"https:\/\/judoclubsambreville.be\/index.php\/lactu-du-club\/","url":"https:\/\/judoclubsambreville.be\/index.php\/lactu-du-club\/","name":"M\u00e9dias - Judo Club Sambreville","isPartOf":{"@id":"https:\/\/judoclubsambreville.be\/#website"},"datePublished":"2025-07-22T20:25:33+00:00","dateModified":"2025-07-22T21:44:49+00:00","breadcrumb":{"@id":"https:\/\/judoclubsambreville.be\/index.php\/lactu-du-club\/#breadcrumb"},"inLanguage":"fr-FR","potentialAction":[{"@type":"ReadAction","target":["https:\/\/judoclubsambreville.be\/index.php\/lactu-du-club\/"]}]},{"@type":"BreadcrumbList","@id":"https:\/\/judoclubsambreville.be\/index.php\/lactu-du-club\/#breadcrumb","itemListElement":[{"@type":"ListItem","position":1,"name":"Accueil","item":"https:\/\/judoclubsambreville.be\/"},{"@type":"ListItem","position":2,"name":"M\u00e9dias"}]},{"@type":"WebSite","@id":"https:\/\/judoclubsambreville.be\/#website","url":"https:\/\/judoclubsambreville.be\/","name":"Judo Club Sambreville","description":"Un club pour toute la famille","potentialAction":[{"@type":"SearchAction","target":{"@type":"EntryPoint","urlTemplate":"https:\/\/judoclubsambreville.be\/?s={search_term_string}"},"query-input":{"@type":"PropertyValueSpecification","valueRequired":true,"valueName":"search_term_string"}}],"inLanguage":"fr-FR"}]}},"_links":{"self":[{"href":"https:\/\/judoclubsambreville.be\/index.php\/wp-json\/wp\/v2\/pages\/2534","targetHints":{"allow":["GET"]}}],"collection":[{"href":"https:\/\/judoclubsambreville.be\/index.php\/wp-json\/wp\/v2\/pages"}],"about":[{"href":"https:\/\/judoclubsambreville.be\/index.php\/wp-json\/wp\/v2\/types\/page"}],"author":[{"embeddable":true,"href":"https:\/\/judoclubsambreville.be\/index.php\/wp-json\/wp\/v2\/users\/1"}],"replies":[{"embeddable":true,"href":"https:\/\/judoclubsambreville.be\/index.php\/wp-json\/wp\/v2\/comments?post=2534"}],"version-history":[{"count":2,"href":"https:\/\/judoclubsambreville.be\/index.php\/wp-json\/wp\/v2\/pages\/2534\/revisions"}],"predecessor-version":[{"id":2539,"href":"https:\/\/judoclubsambreville.be\/index.php\/wp-json\/wp\/v2\/pages\/2534\/revisions\/2539"}],"wp:attachment":[{"href":"https:\/\/judoclubsambreville.be\/index.php\/wp-json\/wp\/v2\/media?parent=2534"}],"curies":[{"name":"wp","href":"https:\/\/api.w.org\/{rel}","templated":true}]}}