{"id":2560,"date":"2025-07-22T22:39:13","date_gmt":"2025-07-22T21:39:13","guid":{"rendered":"https:\/\/judoclubsambreville.be\/?page_id=2560"},"modified":"2026-02-01T19:56:48","modified_gmt":"2026-02-01T18:56:48","slug":"open-judo-sambreville-2026","status":"publish","type":"page","link":"https:\/\/judoclubsambreville.be\/index.php\/open-judo-sambreville-2026\/","title":{"rendered":"Open Judo Sambreville 2026"},"content":{"rendered":"\n<figure class=\"wp-block-image size-large\"><img loading=\"lazy\" decoding=\"async\" width=\"1024\" height=\"256\" src=\"https:\/\/judoclubsambreville.be\/wp-content\/uploads\/2025\/09\/Pageweb_ban-1-1024x256.jpg\" alt=\"\" class=\"wp-image-2580\" srcset=\"https:\/\/judoclubsambreville.be\/wp-content\/uploads\/2025\/09\/Pageweb_ban-1-1024x256.jpg 1024w, https:\/\/judoclubsambreville.be\/wp-content\/uploads\/2025\/09\/Pageweb_ban-1-300x75.jpg 300w, https:\/\/judoclubsambreville.be\/wp-content\/uploads\/2025\/09\/Pageweb_ban-1-768x192.jpg 768w, https:\/\/judoclubsambreville.be\/wp-content\/uploads\/2025\/09\/Pageweb_ban-1-1536x384.jpg 1536w, https:\/\/judoclubsambreville.be\/wp-content\/uploads\/2025\/09\/Pageweb_ban-1.jpg 1600w\" sizes=\"auto, (max-width: 1024px) 100vw, 1024px\" \/><\/figure>\n\n\n\n<p>Pes\u00e9es |&nbsp;<a href=\"#tarif\">Tarif<\/a>&nbsp;|&nbsp;<a href=\"#lieu\">Lieu<\/a>&nbsp;|&nbsp;<a href=\"#contact\">Infos et Inscription<\/a>&nbsp;|&nbsp;<a href=\"#hebergement\">H\u00e9bergement<\/a><\/p>\n\n\n\n<p><strong>Inscrivez-vous \u00e0 l&rsquo;Open Judo Club Sambreville 2026 avant le 18\/02\/2026.<\/strong><\/p>\n\n\n\n<div class=\"wp-block-buttons is-layout-flex wp-block-buttons-is-layout-flex\">\n<div class=\"wp-block-button\"><a class=\"wp-block-button__link wp-element-button\" href=\"https:\/\/docs.google.com\/forms\/d\/e\/1FAIpQLSctpM7-PuFhyk3UfW_9_K-1N83qUwEe9wiEHuqg7lxFxfITMQ\/viewform?usp=header\" target=\"_blank\" rel=\"noreferrer noopener\">Formulaire d&rsquo;inscription<\/a><\/div>\n<\/div>\n\n\n\n<p><\/p>\n\n\n\n<h2 class=\"wp-block-heading\"><strong>Samedi 21 f\u00e9vrier 2026<\/strong><\/h2>\n\n\n\n<p><strong>Challenge U15 JWB et Tournoi labelis\u00e9 pour les U18.<\/strong><\/p>\n\n\n\n<figure class=\"wp-block-table is-style-stripes\"><table class=\"has-border-color has-cm-color-7-border-color has-fixed-layout\" style=\"border-width:2px\"><thead><tr><th><strong>Cat\u00e9gories<\/strong><\/th><th><strong>Ann\u00e9es<\/strong><\/th><th><strong>Pes\u00e9es<\/strong><\/th><\/tr><\/thead><tbody><tr><td><strong>U15 filles<\/strong><\/td><td>2012-2013<\/td><td>8h30 &#8211; 9h00<\/td><\/tr><tr><td><strong>U15 gar\u00e7ons<\/strong><\/td><td>2012-2013<\/td><td>9h30 &#8211; 10h00<\/td><\/tr><tr><td><strong>U18 filles<\/strong><\/td><td>2009-2010-2011<\/td><td>12h00 &#8211; 12h30<\/td><\/tr><tr><td><strong>U18 gar\u00e7ons<\/strong> : -60, -66, -73kg<\/td><td>2009-2010-2011<\/td><td>13h00 &#8211; 13h30<\/td><\/tr><tr><td><strong>U18 gar\u00e7ons<\/strong> : -46, -50, -55, -81, -90, +90kg<\/td><td>2009-2010-2011<\/td><td>14h00 &#8211; 14h30<\/td><\/tr><\/tbody><\/table><\/figure>\n\n\n\n<h2 class=\"wp-block-heading\"><strong>Dimanche 22 f\u00e9vrier 2026<\/strong><\/h2>\n\n\n\n<figure class=\"wp-block-table is-style-stripes\"><table class=\"has-fixed-layout\"><thead><tr><th><strong>Cat\u00e9gories<\/strong><\/th><th><strong>Ann\u00e9es<\/strong><\/th><th><strong>Pes\u00e9es<\/strong><\/th><\/tr><\/thead><tbody><tr><td><strong>U13 filles<\/strong><\/td><td>2014-2015<\/td><td>8h30 &#8211; 9h00<\/td><\/tr><tr><td><strong>U13 gar\u00e7ons<\/strong><\/td><td>2014-2015<\/td><td>9h15 &#8211; 9h45<\/td><\/tr><tr><td><strong>U11 filles<\/strong><\/td><td>2016-2017<\/td><td>10h30 &#8211; 11h00<\/td><\/tr><tr><td><strong>U11 gar\u00e7ons<\/strong><\/td><td>2016-2017<\/td><td>11h30 &#8211; 12h00<\/td><\/tr><tr><td><strong>U9 filles<\/strong><\/td><td>2018-2019<\/td><td>14h30 &#8211; 15h00<\/td><\/tr><tr><td><strong>U9 gar\u00e7ons<\/strong><\/td><td>2018-2019<\/td><td>14h30 &#8211; 15h00<\/td><\/tr><\/tbody><\/table><\/figure>\n\n\n\n<h2 class=\"wp-block-heading\">Tarif Open Judo Club Sambreville 2026<\/h2>\n\n\n\n<figure class=\"wp-block-table\"><table class=\"has-fixed-layout\"><tbody><tr><td><strong>Judokas<\/strong> (paiement \u00e0 l&rsquo;avance)<\/td><td>U9, U11, U13<\/td><td>Gratuit<\/td><\/tr><tr><td>&nbsp;<\/td><td>U15, U18<\/td><td>8\u20ac<\/td><\/tr><tr><td><strong>Spectateurs<\/strong> (paiement sur place)<\/td><td>1 jour<\/td><td>7\u20ac<\/td><\/tr><tr><td>&nbsp;<\/td><td>2 jours<\/td><td>12\u20ac<\/td><\/tr><tr><td>&nbsp;<\/td><td>Moins de 12 ans<\/td><td>Gratuit<\/td><\/tr><\/tbody><\/table><\/figure>\n\n\n\n<div class=\"wp-block-buttons is-layout-flex wp-block-buttons-is-layout-flex\">\n<div class=\"wp-block-button\"><a class=\"wp-block-button__link wp-element-button\" href=\"https:\/\/docs.google.com\/forms\/d\/e\/1FAIpQLSctpM7-PuFhyk3UfW_9_K-1N83qUwEe9wiEHuqg7lxFxfITMQ\/viewform?usp=header\" target=\"_blank\" rel=\"noreferrer noopener\">Formulaire d&rsquo;inscription<\/a><\/div>\n<\/div>\n\n\n\n<p><\/p>\n\n\n\n<p>Vous devez inscrire plusieurs judokas en m\u00eame temps ? Envoyez ce <a href=\"https:\/\/judoclubsambreville.be\/wp-content\/uploads\/2025\/12\/Inscriptions-multiples.xlsx\">fichier<\/a> \u00e0 <a href=\"mailto:judo.club.sambreville@gmail.com\" target=\"_blank\" rel=\"noreferrer noopener\">judo.club.sambreville@gmail.com<\/a><\/p>\n\n\n\n<p>Infos :<\/p>\n\n\n\n<p>+32477 50 81 58<br>+32499 60 35 35<\/p>\n\n\n\n<p>Versements au compte: BE 28 1030 2305 2120 \/ BIC: NICABEBB<\/p>\n\n\n\n<p><strong>En communication :<\/strong><\/p>\n\n\n\n<p>OS 2026 +<\/p>\n\n\n\n<ul class=\"wp-block-list\">\n<li>Si inscription individuelle : nom du club + nom du judoka + cat\u00e9gorie d&rsquo;\u00e2ge<\/li>\n\n\n\n<li>Si paiement group\u00e9 : nom du club + nombre de judokas<\/li>\n<\/ul>\n\n\n\n<p>Pas d&rsquo;inscription ni paiement sur place. <\/p>\n\n\n\n<h2 class=\"wp-block-heading\">Lieu<\/h2>\n\n\n\n<p>Sportsa, rue des Auges 22<br>\u00e0 5060 Sambreville<\/p>\n\n\n\n<h2 class=\"wp-block-heading\">Parking<\/h2>\n\n\n\n<p>Vous pourrez vous garer au parking du Sportsa. Si celui-ci est complet, il existe un parking gratuit derri\u00e8re la grand&rsquo;place (10min&nbsp;\u00e0 pied du sportsa) ainsi qu&rsquo;un autre le long de la Sambre (derri\u00e8re le Hall sportif) \u00e0 13min&nbsp;\u00e0 pied du sportsa.<\/p>\n\n\n\n<figure class=\"wp-block-image aligncenter\"><a href=\"https:\/\/judoclubsambreville.be\/index.php\/2024\/02\/22\/open-jc-sambreville-2024\/parking\/\"><img loading=\"lazy\" decoding=\"async\" width=\"932\" height=\"495\" src=\"https:\/\/judoclubsambreville.be\/wp-content\/uploads\/2024\/02\/parking.png\" alt=\"parking\" class=\"wp-image-2223\" srcset=\"https:\/\/judoclubsambreville.be\/wp-content\/uploads\/2024\/02\/parking.png 932w, https:\/\/judoclubsambreville.be\/wp-content\/uploads\/2024\/02\/parking-300x159.png 300w, https:\/\/judoclubsambreville.be\/wp-content\/uploads\/2024\/02\/parking-768x408.png 768w\" sizes=\"auto, (max-width: 932px) 100vw, 932px\" \/><\/a><\/figure>\n\n\n\n<p><\/p>\n\n\n\n<h2 class=\"wp-block-heading\" id=\"hebergement\">Logement autour de l&rsquo;Open Judo Club Sambreville 2026<\/h2>\n\n\n\n<p><strong>Charleroi Youth Hostel (auberge de jeunesse de Charleroi) \u00e0 20 minutes<\/strong><br>https:\/\/www.online-reservations.com<br>https:\/\/les aubergesdejeunesse.be<br>rue du Bastion d\u2019Egmont,3 6000 Charleroi<br>+32 71 15 81 28<\/p>\n\n\n\n<p><strong>La Ferme des Castors \u00e0 10 minutes<\/strong><br>rue du Faubourg,16 6250 Aiseau<\/p>\n\n\n\n<p>https:\/\/www.castor.be<br>info@castor.be<br>+32 71 76 03 22<br>+32 71 74 04 75<\/p>\n\n\n\n<p><strong>Ibis Styles Namur \u00e0 17 minutes<\/strong><br>Avenue d\u2019Ecolys,2 5020 Namur<br>https:\/\/all.accor.com<br>HB6A4@accor.com<br>+32 81 74 55 55<\/p>\n\n\n\n<p><strong>Ibis Fleurus H\u00f4tel Ibis Charleroi Airport Brussels South \u00e0 10 minutes<\/strong><br>Chauss\u00e9e de Charleroi, 590 6220 Fleurus<br>https:\/\/all.accor.com<br>H2195 @accor.com<br>+32 71 81 01 30<\/p>\n\n\n\n<p><strong>Ibis Budget Charleroi Airport \u00e0 13 minutes<\/strong><br>Rue Jean Mermoz, 6220 Fleurus<br>https:\/\/all.accor.com<br>H5517@accor.com<br>+32 71 37 36 32<\/p>\n\n\n\n<p><strong>Le Relais de Charlinette (B&amp;B) \u00e0 8 minutes<\/strong><br>Rue de Baulet 180, 5140 Boign\u00e9e<br>https:\/\/www.lerelaisdecharlinette.be<br>+32 71 88 90 54<br>+32 495 15 47 55<\/p>\n\n\n\n<p><strong>A Fleur de couette \u00e0 1 minute<\/strong><br>Rue de Falisolle 5060 Sambreville (Auvelais)<br>+32 71 74 47 74<br>https:\/\/afleurdecouette.be<\/p>\n","protected":false},"excerpt":{"rendered":"<p>Pes\u00e9es |&nbsp;Tarif&nbsp;|&nbsp;Lieu&nbsp;|&nbsp;Infos et Inscription&nbsp;|&nbsp;H\u00e9bergement Inscrivez-vous \u00e0 l&rsquo;Open Judo Club Sambreville 2026 avant le 18\/02\/2026. Samedi 21 f\u00e9vrier 2026 Challenge U15<\/p>\n","protected":false},"author":1,"featured_media":0,"parent":0,"menu_order":0,"comment_status":"closed","ping_status":"closed","template":"","meta":{"colormag_page_container_layout":"no_sidebar_full_width","colormag_page_sidebar_layout":"no_sidebar","footnotes":""},"class_list":["post-2560","page","type-page","status-publish","hentry"],"yoast_head":"<!-- This site is optimized with the Yoast SEO plugin v27.2 - https:\/\/yoast.com\/product\/yoast-seo-wordpress\/ -->\n<title>Open Judo Club Sambreville 2026<\/title>\n<meta name=\"description\" content=\"Inscrivez-vous d\u00e8s maintenant \u00e0 la comp\u00e9tition Open Judo Club Sambreville 2026, qui aura lieu les 21 et 22 f\u00e9vrier.\" \/>\n<meta name=\"robots\" content=\"index, follow, max-snippet:-1, max-image-preview:large, max-video-preview:-1\" \/>\n<link rel=\"canonical\" href=\"https:\/\/judoclubsambreville.be\/index.php\/open-judo-sambreville-2026\/\" \/>\n<meta property=\"og:locale\" content=\"fr_FR\" \/>\n<meta property=\"og:type\" content=\"article\" \/>\n<meta property=\"og:title\" content=\"Open Judo Club Sambreville 2026\" \/>\n<meta property=\"og:description\" content=\"Inscrivez-vous d\u00e8s maintenant \u00e0 la comp\u00e9tition Open Judo Club Sambreville 2026, qui aura lieu les 21 et 22 f\u00e9vrier.\" \/>\n<meta property=\"og:url\" content=\"https:\/\/judoclubsambreville.be\/index.php\/open-judo-sambreville-2026\/\" \/>\n<meta property=\"og:site_name\" content=\"Judo Club Sambreville\" \/>\n<meta property=\"article:modified_time\" content=\"2026-02-01T18:56:48+00:00\" \/>\n<meta property=\"og:image\" content=\"https:\/\/judoclubsambreville.be\/wp-content\/uploads\/2025\/09\/Pageweb_ban-1.jpg\" \/>\n\t<meta property=\"og:image:width\" content=\"1600\" \/>\n\t<meta property=\"og:image:height\" content=\"400\" \/>\n\t<meta property=\"og:image:type\" content=\"image\/jpeg\" \/>\n<meta name=\"twitter:card\" content=\"summary_large_image\" \/>\n<meta name=\"twitter:label1\" content=\"Dur\u00e9e de lecture estim\u00e9e\" \/>\n\t<meta name=\"twitter:data1\" content=\"3 minutes\" \/>\n<script type=\"application\/ld+json\" class=\"yoast-schema-graph\">{\"@context\":\"https:\/\/schema.org\",\"@graph\":[{\"@type\":\"WebPage\",\"@id\":\"https:\/\/judoclubsambreville.be\/index.php\/open-judo-sambreville-2026\/\",\"url\":\"https:\/\/judoclubsambreville.be\/index.php\/open-judo-sambreville-2026\/\",\"name\":\"Open Judo Club Sambreville 2026\",\"isPartOf\":{\"@id\":\"https:\/\/judoclubsambreville.be\/#website\"},\"primaryImageOfPage\":{\"@id\":\"https:\/\/judoclubsambreville.be\/index.php\/open-judo-sambreville-2026\/#primaryimage\"},\"image\":{\"@id\":\"https:\/\/judoclubsambreville.be\/index.php\/open-judo-sambreville-2026\/#primaryimage\"},\"thumbnailUrl\":\"https:\/\/judoclubsambreville.be\/wp-content\/uploads\/2025\/09\/Pageweb_ban-1-1024x256.jpg\",\"datePublished\":\"2025-07-22T21:39:13+00:00\",\"dateModified\":\"2026-02-01T18:56:48+00:00\",\"description\":\"Inscrivez-vous d\u00e8s maintenant \u00e0 la comp\u00e9tition Open Judo Club Sambreville 2026, qui aura lieu les 21 et 22 f\u00e9vrier.\",\"breadcrumb\":{\"@id\":\"https:\/\/judoclubsambreville.be\/index.php\/open-judo-sambreville-2026\/#breadcrumb\"},\"inLanguage\":\"fr-FR\",\"potentialAction\":[{\"@type\":\"ReadAction\",\"target\":[\"https:\/\/judoclubsambreville.be\/index.php\/open-judo-sambreville-2026\/\"]}]},{\"@type\":\"ImageObject\",\"inLanguage\":\"fr-FR\",\"@id\":\"https:\/\/judoclubsambreville.be\/index.php\/open-judo-sambreville-2026\/#primaryimage\",\"url\":\"https:\/\/judoclubsambreville.be\/wp-content\/uploads\/2025\/09\/Pageweb_ban-1.jpg\",\"contentUrl\":\"https:\/\/judoclubsambreville.be\/wp-content\/uploads\/2025\/09\/Pageweb_ban-1.jpg\",\"width\":1600,\"height\":400,\"caption\":\"4e Open Judo Club Sambreville\"},{\"@type\":\"BreadcrumbList\",\"@id\":\"https:\/\/judoclubsambreville.be\/index.php\/open-judo-sambreville-2026\/#breadcrumb\",\"itemListElement\":[{\"@type\":\"ListItem\",\"position\":1,\"name\":\"Accueil\",\"item\":\"https:\/\/judoclubsambreville.be\/\"},{\"@type\":\"ListItem\",\"position\":2,\"name\":\"Open Judo Sambreville 2026\"}]},{\"@type\":\"WebSite\",\"@id\":\"https:\/\/judoclubsambreville.be\/#website\",\"url\":\"https:\/\/judoclubsambreville.be\/\",\"name\":\"Judo Club Sambreville\",\"description\":\"Un club pour toute la famille\",\"potentialAction\":[{\"@type\":\"SearchAction\",\"target\":{\"@type\":\"EntryPoint\",\"urlTemplate\":\"https:\/\/judoclubsambreville.be\/?s={search_term_string}\"},\"query-input\":{\"@type\":\"PropertyValueSpecification\",\"valueRequired\":true,\"valueName\":\"search_term_string\"}}],\"inLanguage\":\"fr-FR\"}]}<\/script>\n<!-- \/ Yoast SEO plugin. -->","yoast_head_json":{"title":"Open Judo Club Sambreville 2026","description":"Inscrivez-vous d\u00e8s maintenant \u00e0 la comp\u00e9tition Open Judo Club Sambreville 2026, qui aura lieu les 21 et 22 f\u00e9vrier.","robots":{"index":"index","follow":"follow","max-snippet":"max-snippet:-1","max-image-preview":"max-image-preview:large","max-video-preview":"max-video-preview:-1"},"canonical":"https:\/\/judoclubsambreville.be\/index.php\/open-judo-sambreville-2026\/","og_locale":"fr_FR","og_type":"article","og_title":"Open Judo Club Sambreville 2026","og_description":"Inscrivez-vous d\u00e8s maintenant \u00e0 la comp\u00e9tition Open Judo Club Sambreville 2026, qui aura lieu les 21 et 22 f\u00e9vrier.","og_url":"https:\/\/judoclubsambreville.be\/index.php\/open-judo-sambreville-2026\/","og_site_name":"Judo Club Sambreville","article_modified_time":"2026-02-01T18:56:48+00:00","og_image":[{"width":1600,"height":400,"url":"https:\/\/judoclubsambreville.be\/wp-content\/uploads\/2025\/09\/Pageweb_ban-1.jpg","type":"image\/jpeg"}],"twitter_card":"summary_large_image","twitter_misc":{"Dur\u00e9e de lecture estim\u00e9e":"3 minutes"},"schema":{"@context":"https:\/\/schema.org","@graph":[{"@type":"WebPage","@id":"https:\/\/judoclubsambreville.be\/index.php\/open-judo-sambreville-2026\/","url":"https:\/\/judoclubsambreville.be\/index.php\/open-judo-sambreville-2026\/","name":"Open Judo Club Sambreville 2026","isPartOf":{"@id":"https:\/\/judoclubsambreville.be\/#website"},"primaryImageOfPage":{"@id":"https:\/\/judoclubsambreville.be\/index.php\/open-judo-sambreville-2026\/#primaryimage"},"image":{"@id":"https:\/\/judoclubsambreville.be\/index.php\/open-judo-sambreville-2026\/#primaryimage"},"thumbnailUrl":"https:\/\/judoclubsambreville.be\/wp-content\/uploads\/2025\/09\/Pageweb_ban-1-1024x256.jpg","datePublished":"2025-07-22T21:39:13+00:00","dateModified":"2026-02-01T18:56:48+00:00","description":"Inscrivez-vous d\u00e8s maintenant \u00e0 la comp\u00e9tition Open Judo Club Sambreville 2026, qui aura lieu les 21 et 22 f\u00e9vrier.","breadcrumb":{"@id":"https:\/\/judoclubsambreville.be\/index.php\/open-judo-sambreville-2026\/#breadcrumb"},"inLanguage":"fr-FR","potentialAction":[{"@type":"ReadAction","target":["https:\/\/judoclubsambreville.be\/index.php\/open-judo-sambreville-2026\/"]}]},{"@type":"ImageObject","inLanguage":"fr-FR","@id":"https:\/\/judoclubsambreville.be\/index.php\/open-judo-sambreville-2026\/#primaryimage","url":"https:\/\/judoclubsambreville.be\/wp-content\/uploads\/2025\/09\/Pageweb_ban-1.jpg","contentUrl":"https:\/\/judoclubsambreville.be\/wp-content\/uploads\/2025\/09\/Pageweb_ban-1.jpg","width":1600,"height":400,"caption":"4e Open Judo Club Sambreville"},{"@type":"BreadcrumbList","@id":"https:\/\/judoclubsambreville.be\/index.php\/open-judo-sambreville-2026\/#breadcrumb","itemListElement":[{"@type":"ListItem","position":1,"name":"Accueil","item":"https:\/\/judoclubsambreville.be\/"},{"@type":"ListItem","position":2,"name":"Open Judo Sambreville 2026"}]},{"@type":"WebSite","@id":"https:\/\/judoclubsambreville.be\/#website","url":"https:\/\/judoclubsambreville.be\/","name":"Judo Club Sambreville","description":"Un club pour toute la famille","potentialAction":[{"@type":"SearchAction","target":{"@type":"EntryPoint","urlTemplate":"https:\/\/judoclubsambreville.be\/?s={search_term_string}"},"query-input":{"@type":"PropertyValueSpecification","valueRequired":true,"valueName":"search_term_string"}}],"inLanguage":"fr-FR"}]}},"_links":{"self":[{"href":"https:\/\/judoclubsambreville.be\/index.php\/wp-json\/wp\/v2\/pages\/2560","targetHints":{"allow":["GET"]}}],"collection":[{"href":"https:\/\/judoclubsambreville.be\/index.php\/wp-json\/wp\/v2\/pages"}],"about":[{"href":"https:\/\/judoclubsambreville.be\/index.php\/wp-json\/wp\/v2\/types\/page"}],"author":[{"embeddable":true,"href":"https:\/\/judoclubsambreville.be\/index.php\/wp-json\/wp\/v2\/users\/1"}],"replies":[{"embeddable":true,"href":"https:\/\/judoclubsambreville.be\/index.php\/wp-json\/wp\/v2\/comments?post=2560"}],"version-history":[{"count":21,"href":"https:\/\/judoclubsambreville.be\/index.php\/wp-json\/wp\/v2\/pages\/2560\/revisions"}],"predecessor-version":[{"id":2741,"href":"https:\/\/judoclubsambreville.be\/index.php\/wp-json\/wp\/v2\/pages\/2560\/revisions\/2741"}],"wp:attachment":[{"href":"https:\/\/judoclubsambreville.be\/index.php\/wp-json\/wp\/v2\/media?parent=2560"}],"curies":[{"name":"wp","href":"https:\/\/api.w.org\/{rel}","templated":true}]}}