{"id":665,"date":"2016-03-23T17:07:04","date_gmt":"2016-03-23T16:07:04","guid":{"rendered":"http:\/\/judoclubsambreville.be\/?page_id=665"},"modified":"2026-04-15T19:39:25","modified_gmt":"2026-04-15T18:39:25","slug":"album-photos","status":"publish","type":"page","link":"https:\/\/judoclubsambreville.be\/index.php\/album-photos\/","title":{"rendered":"Photos"},"content":{"rendered":"\n<div class=\"wp-block-columns is-layout-flex wp-container-core-columns-is-layout-28f84493 wp-block-columns-is-layout-flex\">\n<div class=\"wp-block-column is-layout-flow wp-block-column-is-layout-flow\" style=\"flex-basis:66.66%\">\n<figure class=\"wp-block-image size-large is-resized\"><img loading=\"lazy\" decoding=\"async\" width=\"1024\" height=\"683\" src=\"https:\/\/judoclubsambreville.be\/wp-content\/uploads\/2026\/04\/IMG_5236-1024x683.jpg\" alt=\"\" class=\"wp-image-2829\" style=\"width:439px;height:auto\" srcset=\"https:\/\/judoclubsambreville.be\/wp-content\/uploads\/2026\/04\/IMG_5236-1024x683.jpg 1024w, https:\/\/judoclubsambreville.be\/wp-content\/uploads\/2026\/04\/IMG_5236-300x200.jpg 300w, https:\/\/judoclubsambreville.be\/wp-content\/uploads\/2026\/04\/IMG_5236-768x512.jpg 768w, https:\/\/judoclubsambreville.be\/wp-content\/uploads\/2026\/04\/IMG_5236-1536x1024.jpg 1536w, https:\/\/judoclubsambreville.be\/wp-content\/uploads\/2026\/04\/IMG_5236-2048x1365.jpg 2048w\" sizes=\"auto, (max-width: 1024px) 100vw, 1024px\" \/><\/figure>\n<\/div>\n\n\n\n<div class=\"wp-block-column is-layout-flow wp-block-column-is-layout-flow\" style=\"flex-basis:33.33%\">\n<p>D\u00e9couvrez les photos du cours donn\u00e9 par <strong>Jorre Verstraeten<\/strong> le 6 mars 2026.<\/p>\n\n\n\n<div class=\"wp-block-buttons is-layout-flex wp-block-buttons-is-layout-flex\">\n<div class=\"wp-block-button\"><a class=\"wp-block-button__link wp-element-button\" href=\"https:\/\/photos.app.goo.gl\/hUwhu3SXYzoJ5Q2H7\">Vers les photos<\/a><\/div>\n<\/div>\n<\/div>\n<\/div>\n\n\n\n<p><\/p>\n\n\n\n<div class=\"wp-block-columns is-layout-flex wp-container-core-columns-is-layout-28f84493 wp-block-columns-is-layout-flex\">\n<div class=\"wp-block-column is-layout-flow wp-block-column-is-layout-flow\" style=\"flex-basis:66.66%\">\n<figure class=\"wp-block-image size-large is-resized\"><img loading=\"lazy\" decoding=\"async\" width=\"1024\" height=\"683\" src=\"https:\/\/judoclubsambreville.be\/wp-content\/uploads\/2025\/07\/IMG_5170-1024x683.jpg\" alt=\"\" class=\"wp-image-2551\" style=\"width:433px;height:auto\" srcset=\"https:\/\/judoclubsambreville.be\/wp-content\/uploads\/2025\/07\/IMG_5170-1024x683.jpg 1024w, https:\/\/judoclubsambreville.be\/wp-content\/uploads\/2025\/07\/IMG_5170-300x200.jpg 300w, https:\/\/judoclubsambreville.be\/wp-content\/uploads\/2025\/07\/IMG_5170-768x512.jpg 768w, https:\/\/judoclubsambreville.be\/wp-content\/uploads\/2025\/07\/IMG_5170-1536x1024.jpg 1536w, https:\/\/judoclubsambreville.be\/wp-content\/uploads\/2025\/07\/IMG_5170-2048x1365.jpg 2048w\" sizes=\"auto, (max-width: 1024px) 100vw, 1024px\" \/><\/figure>\n<\/div>\n\n\n\n<div class=\"wp-block-column is-layout-flow wp-block-column-is-layout-flow\" style=\"flex-basis:33.33%\">\n<p>D\u00e9couvrez les photos de la F\u00eate de fin de saison 2025<\/p>\n\n\n\n<p><a href=\"https:\/\/photos.google.com\/share\/AF1QipOQ0WQYGiA60BIFGdbJvIPx0Li8XAzSiYg301vV_hQDSM6x1amg4QUY6zPZjHf-gQ?key=b2FxMkVqNjRzMDJpMUVvcTJ4cmdRVG9RVXg1RWV3\">F\u00eate de fin de saison 2025<\/a><\/p>\n<\/div>\n<\/div>\n\n\n\n<p><\/p>\n\n\n\n<div class=\"wp-block-columns is-layout-flex wp-container-core-columns-is-layout-28f84493 wp-block-columns-is-layout-flex\">\n<div class=\"wp-block-column is-layout-flow wp-block-column-is-layout-flow\" style=\"flex-basis:66.66%\">\n<figure class=\"wp-block-image size-large is-resized\"><img loading=\"lazy\" decoding=\"async\" width=\"1024\" height=\"683\" src=\"https:\/\/judoclubsambreville.be\/wp-content\/uploads\/2025\/07\/IMG_4648-1024x683.jpg\" alt=\"\" class=\"wp-image-2556\" style=\"width:433px;height:auto\" srcset=\"https:\/\/judoclubsambreville.be\/wp-content\/uploads\/2025\/07\/IMG_4648-1024x683.jpg 1024w, https:\/\/judoclubsambreville.be\/wp-content\/uploads\/2025\/07\/IMG_4648-300x200.jpg 300w, https:\/\/judoclubsambreville.be\/wp-content\/uploads\/2025\/07\/IMG_4648-768x512.jpg 768w, https:\/\/judoclubsambreville.be\/wp-content\/uploads\/2025\/07\/IMG_4648-1536x1024.jpg 1536w, https:\/\/judoclubsambreville.be\/wp-content\/uploads\/2025\/07\/IMG_4648-2048x1365.jpg 2048w\" sizes=\"auto, (max-width: 1024px) 100vw, 1024px\" \/><\/figure>\n<\/div>\n\n\n\n<div class=\"wp-block-column is-layout-flow wp-block-column-is-layout-flow\" style=\"flex-basis:33.33%\">\n<p>Chouette journ\u00e9e remplie de sourires aujourd\u2019hui ! Les familles des judokas ont eu l\u2019occasion, l\u2019espace de deux heures, de d\u00e9couvrir le judo.<\/p>\n\n\n\n<p>Les photos de la journ\u00e9e sont disponibles ici.<\/p>\n\n\n\n<p><a href=\"https:\/\/photos.google.com\/share\/AF1QipOQ0WQYGiA60BIFGdbJvIPx0Li8XAzSiYg301vV_hQDSM6x1amg4QUY6zPZjHf-gQ?key=b2FxMkVqNjRzMDJpMUVvcTJ4cmdRVG9RVXg1RWV3\"><a href=\"https:\/\/photos.google.com\/share\/AF1QipOdtdnZvQVb9MQXYYaicTWNxbqogt65Omly-nsinFVyYlBsx5DjWp9ZDj4563kd6A?key=S0EyUENXV0FqaGRQT05oRlhrUW11cUZMVGUtMmt3\">Matin\u00e9e en famille 2025<\/a><\/a><\/p>\n\n\n\n<p><\/p>\n<\/div>\n<\/div>\n\n\n\n<p><\/p>\n","protected":false},"excerpt":{"rendered":"<p>D\u00e9couvrez les photos du cours donn\u00e9 par Jorre Verstraeten le 6 mars 2026. D\u00e9couvrez les photos de la F\u00eate de<\/p>\n","protected":false},"author":1,"featured_media":0,"parent":0,"menu_order":0,"comment_status":"closed","ping_status":"closed","template":"","meta":{"colormag_page_container_layout":"no_sidebar_full_width","colormag_page_sidebar_layout":"no_sidebar","footnotes":""},"class_list":["post-665","page","type-page","status-publish","hentry"],"yoast_head":"<!-- This site is optimized with the Yoast SEO plugin v27.2 - https:\/\/yoast.com\/product\/yoast-seo-wordpress\/ -->\n<title>Photos - Judo Club Sambreville<\/title>\n<meta name=\"robots\" content=\"index, follow, max-snippet:-1, max-image-preview:large, max-video-preview:-1\" \/>\n<link rel=\"canonical\" href=\"https:\/\/judoclubsambreville.be\/index.php\/album-photos\/\" \/>\n<meta property=\"og:locale\" content=\"fr_FR\" \/>\n<meta property=\"og:type\" content=\"article\" \/>\n<meta property=\"og:title\" content=\"Photos - Judo Club Sambreville\" \/>\n<meta property=\"og:description\" content=\"D\u00e9couvrez les photos du cours donn\u00e9 par Jorre Verstraeten le 6 mars 2026. D\u00e9couvrez les photos de la F\u00eate de\" \/>\n<meta property=\"og:url\" content=\"https:\/\/judoclubsambreville.be\/index.php\/album-photos\/\" \/>\n<meta property=\"og:site_name\" content=\"Judo Club Sambreville\" \/>\n<meta property=\"article:modified_time\" content=\"2026-04-15T18:39:25+00:00\" \/>\n<meta property=\"og:image\" content=\"https:\/\/judoclubsambreville.be\/wp-content\/uploads\/2026\/04\/IMG_5236-scaled.jpg\" \/>\n\t<meta property=\"og:image:width\" content=\"2560\" \/>\n\t<meta property=\"og:image:height\" content=\"1707\" \/>\n\t<meta property=\"og:image:type\" content=\"image\/jpeg\" \/>\n<meta name=\"twitter:card\" content=\"summary_large_image\" \/>\n<meta name=\"twitter:label1\" content=\"Dur\u00e9e de lecture estim\u00e9e\" \/>\n\t<meta name=\"twitter:data1\" content=\"1 minute\" \/>\n<script type=\"application\/ld+json\" class=\"yoast-schema-graph\">{\"@context\":\"https:\/\/schema.org\",\"@graph\":[{\"@type\":\"WebPage\",\"@id\":\"https:\/\/judoclubsambreville.be\/index.php\/album-photos\/\",\"url\":\"https:\/\/judoclubsambreville.be\/index.php\/album-photos\/\",\"name\":\"Photos - Judo Club Sambreville\",\"isPartOf\":{\"@id\":\"https:\/\/judoclubsambreville.be\/#website\"},\"primaryImageOfPage\":{\"@id\":\"https:\/\/judoclubsambreville.be\/index.php\/album-photos\/#primaryimage\"},\"image\":{\"@id\":\"https:\/\/judoclubsambreville.be\/index.php\/album-photos\/#primaryimage\"},\"thumbnailUrl\":\"https:\/\/judoclubsambreville.be\/wp-content\/uploads\/2026\/04\/IMG_5236-1024x683.jpg\",\"datePublished\":\"2016-03-23T16:07:04+00:00\",\"dateModified\":\"2026-04-15T18:39:25+00:00\",\"breadcrumb\":{\"@id\":\"https:\/\/judoclubsambreville.be\/index.php\/album-photos\/#breadcrumb\"},\"inLanguage\":\"fr-FR\",\"potentialAction\":[{\"@type\":\"ReadAction\",\"target\":[\"https:\/\/judoclubsambreville.be\/index.php\/album-photos\/\"]}]},{\"@type\":\"ImageObject\",\"inLanguage\":\"fr-FR\",\"@id\":\"https:\/\/judoclubsambreville.be\/index.php\/album-photos\/#primaryimage\",\"url\":\"https:\/\/judoclubsambreville.be\/wp-content\/uploads\/2026\/04\/IMG_5236-scaled.jpg\",\"contentUrl\":\"https:\/\/judoclubsambreville.be\/wp-content\/uploads\/2026\/04\/IMG_5236-scaled.jpg\",\"width\":2560,\"height\":1707},{\"@type\":\"BreadcrumbList\",\"@id\":\"https:\/\/judoclubsambreville.be\/index.php\/album-photos\/#breadcrumb\",\"itemListElement\":[{\"@type\":\"ListItem\",\"position\":1,\"name\":\"Accueil\",\"item\":\"https:\/\/judoclubsambreville.be\/\"},{\"@type\":\"ListItem\",\"position\":2,\"name\":\"Photos\"}]},{\"@type\":\"WebSite\",\"@id\":\"https:\/\/judoclubsambreville.be\/#website\",\"url\":\"https:\/\/judoclubsambreville.be\/\",\"name\":\"Judo Club Sambreville\",\"description\":\"Un club pour toute la famille\",\"potentialAction\":[{\"@type\":\"SearchAction\",\"target\":{\"@type\":\"EntryPoint\",\"urlTemplate\":\"https:\/\/judoclubsambreville.be\/?s={search_term_string}\"},\"query-input\":{\"@type\":\"PropertyValueSpecification\",\"valueRequired\":true,\"valueName\":\"search_term_string\"}}],\"inLanguage\":\"fr-FR\"}]}<\/script>\n<!-- \/ Yoast SEO plugin. -->","yoast_head_json":{"title":"Photos - Judo Club Sambreville","robots":{"index":"index","follow":"follow","max-snippet":"max-snippet:-1","max-image-preview":"max-image-preview:large","max-video-preview":"max-video-preview:-1"},"canonical":"https:\/\/judoclubsambreville.be\/index.php\/album-photos\/","og_locale":"fr_FR","og_type":"article","og_title":"Photos - Judo Club Sambreville","og_description":"D\u00e9couvrez les photos du cours donn\u00e9 par Jorre Verstraeten le 6 mars 2026. D\u00e9couvrez les photos de la F\u00eate de","og_url":"https:\/\/judoclubsambreville.be\/index.php\/album-photos\/","og_site_name":"Judo Club Sambreville","article_modified_time":"2026-04-15T18:39:25+00:00","og_image":[{"width":2560,"height":1707,"url":"https:\/\/judoclubsambreville.be\/wp-content\/uploads\/2026\/04\/IMG_5236-scaled.jpg","type":"image\/jpeg"}],"twitter_card":"summary_large_image","twitter_misc":{"Dur\u00e9e de lecture estim\u00e9e":"1 minute"},"schema":{"@context":"https:\/\/schema.org","@graph":[{"@type":"WebPage","@id":"https:\/\/judoclubsambreville.be\/index.php\/album-photos\/","url":"https:\/\/judoclubsambreville.be\/index.php\/album-photos\/","name":"Photos - Judo Club Sambreville","isPartOf":{"@id":"https:\/\/judoclubsambreville.be\/#website"},"primaryImageOfPage":{"@id":"https:\/\/judoclubsambreville.be\/index.php\/album-photos\/#primaryimage"},"image":{"@id":"https:\/\/judoclubsambreville.be\/index.php\/album-photos\/#primaryimage"},"thumbnailUrl":"https:\/\/judoclubsambreville.be\/wp-content\/uploads\/2026\/04\/IMG_5236-1024x683.jpg","datePublished":"2016-03-23T16:07:04+00:00","dateModified":"2026-04-15T18:39:25+00:00","breadcrumb":{"@id":"https:\/\/judoclubsambreville.be\/index.php\/album-photos\/#breadcrumb"},"inLanguage":"fr-FR","potentialAction":[{"@type":"ReadAction","target":["https:\/\/judoclubsambreville.be\/index.php\/album-photos\/"]}]},{"@type":"ImageObject","inLanguage":"fr-FR","@id":"https:\/\/judoclubsambreville.be\/index.php\/album-photos\/#primaryimage","url":"https:\/\/judoclubsambreville.be\/wp-content\/uploads\/2026\/04\/IMG_5236-scaled.jpg","contentUrl":"https:\/\/judoclubsambreville.be\/wp-content\/uploads\/2026\/04\/IMG_5236-scaled.jpg","width":2560,"height":1707},{"@type":"BreadcrumbList","@id":"https:\/\/judoclubsambreville.be\/index.php\/album-photos\/#breadcrumb","itemListElement":[{"@type":"ListItem","position":1,"name":"Accueil","item":"https:\/\/judoclubsambreville.be\/"},{"@type":"ListItem","position":2,"name":"Photos"}]},{"@type":"WebSite","@id":"https:\/\/judoclubsambreville.be\/#website","url":"https:\/\/judoclubsambreville.be\/","name":"Judo Club Sambreville","description":"Un club pour toute la famille","potentialAction":[{"@type":"SearchAction","target":{"@type":"EntryPoint","urlTemplate":"https:\/\/judoclubsambreville.be\/?s={search_term_string}"},"query-input":{"@type":"PropertyValueSpecification","valueRequired":true,"valueName":"search_term_string"}}],"inLanguage":"fr-FR"}]}},"_links":{"self":[{"href":"https:\/\/judoclubsambreville.be\/index.php\/wp-json\/wp\/v2\/pages\/665","targetHints":{"allow":["GET"]}}],"collection":[{"href":"https:\/\/judoclubsambreville.be\/index.php\/wp-json\/wp\/v2\/pages"}],"about":[{"href":"https:\/\/judoclubsambreville.be\/index.php\/wp-json\/wp\/v2\/types\/page"}],"author":[{"embeddable":true,"href":"https:\/\/judoclubsambreville.be\/index.php\/wp-json\/wp\/v2\/users\/1"}],"replies":[{"embeddable":true,"href":"https:\/\/judoclubsambreville.be\/index.php\/wp-json\/wp\/v2\/comments?post=665"}],"version-history":[{"count":65,"href":"https:\/\/judoclubsambreville.be\/index.php\/wp-json\/wp\/v2\/pages\/665\/revisions"}],"predecessor-version":[{"id":2831,"href":"https:\/\/judoclubsambreville.be\/index.php\/wp-json\/wp\/v2\/pages\/665\/revisions\/2831"}],"wp:attachment":[{"href":"https:\/\/judoclubsambreville.be\/index.php\/wp-json\/wp\/v2\/media?parent=665"}],"curies":[{"name":"wp","href":"https:\/\/api.w.org\/{rel}","templated":true}]}}